{"id":535,"date":"2025-07-06T15:59:45","date_gmt":"2025-07-06T15:59:45","guid":{"rendered":"https:\/\/bloomila.com\/?page_id=535"},"modified":"2025-07-11T15:20:47","modified_gmt":"2025-07-11T15:20:47","slug":"outils-bloomila","status":"publish","type":"page","link":"https:\/\/bloomila.com\/fr_fr\/outils-bloomila\/","title":{"rendered":"outils bloomila"},"content":{"rendered":"\n<div class=\"wp-block-group alignfull has-global-padding is-layout-constrained wp-block-group-is-layout-constrained\" style=\"margin-top:0;margin-bottom:0;padding-top:var(--wp--preset--spacing--50);padding-bottom:var(--wp--preset--spacing--50)\">\n<div class=\"wp-block-columns alignwide is-layout-flex wp-container-core-columns-is-layout-47c06fe3 wp-block-columns-is-layout-flex\">\n<div class=\"wp-block-column is-layout-flow wp-block-column-is-layout-flow\" style=\"flex-basis:56%\">\n<figure class=\"wp-block-image size-full\"><img loading=\"lazy\" decoding=\"async\" width=\"1024\" height=\"1536\" src=\"https:\/\/bloomila.com\/wp-content\/uploads\/2025\/05\/image-outils-bloomila-4.png\" alt=\"\" class=\"wp-image-188\" srcset=\"https:\/\/bloomila.com\/wp-content\/uploads\/2025\/05\/image-outils-bloomila-4.png 1024w, https:\/\/bloomila.com\/wp-content\/uploads\/2025\/05\/image-outils-bloomila-4-200x300.png 200w\" sizes=\"auto, (max-width: 1024px) 100vw, 1024px\" \/><\/figure>\n<\/div>\n\n\n\n<div class=\"wp-block-column is-vertically-aligned-center is-layout-flow wp-container-core-column-is-layout-119bc444 wp-block-column-is-layout-flow\">\n<h2 class=\"wp-block-heading\">Bloomila repose sur des outils simples mais puissants:<\/h2>\n\n\n\n<p>Un h\u00e9bergeur, un gestionnaire d&rsquo;e-mails, un outil visuel, une app d&rsquo;organisation&#8230;&#8230;<\/p>\n\n\n\n<p>Je les ai choisis pour leur efficacit\u00e9, leur simplicit\u00e9 et parce qu&rsquo;ils aident \u00e0 construire ce projet sans m&rsquo;\u00e9puiser.<\/p>\n\n\n\n<p>Je les utilise chaque semaine pour cr\u00e9er, organiser, automatiser ou juste garder de la clart\u00e9.<\/p>\n\n\n\n<p>Ici, je te les partage en toute transparence. Pas de publicit\u00e9 cach\u00e9e, pas de promesse miracle.<\/p>\n\n\n\n<p>Peut \u00eatre qu&rsquo;ils t&rsquo;aideront toi aussi&#8230; \u00e0 ton rythme, selon ton projet, ou juste pour y voir plus clair.<\/p>\n<\/div>\n<\/div>\n\n\n\n<p><\/p>\n\n\n\n<h2 class=\"wp-block-heading\"><strong>HOSTINGER-H\u00e9bergeur du site Bloomila<\/strong><\/h2>\n\n\n\n<p>J&rsquo;ai choisi <strong>Hostinger<\/strong> pour h\u00e9berger le site <strong>Bloomila.com<\/strong>;<\/p>\n\n\n\n<p>Pourquoi ? parce que c&rsquo;est simple, rapide, fiable et abordable, tout ce qu&rsquo;il faut quand on veut cr\u00e9er un site sans se perdre dans sa technique.<\/p>\n\n\n\n<p><strong>Ce que j\u2019appr\u00e9cie :<\/strong><\/p>\n\n\n\n<ul class=\"wp-block-list\">\n<li>Installation facile en quelques clics<\/li>\n\n\n\n<li>Certificat SSL gratuit inclus<\/li>\n\n\n\n<li>Interface claire et assistance disponible 24h\/24<\/li>\n\n\n\n<li>Adapt\u00e9 aux d\u00e9butants comme aux cr\u00e9ateurs ind\u00e9pendants<\/li>\n\n\n\n<li>Bonne vitesse de chargement pour un site l\u00e9ger et fluide<\/li>\n<\/ul>\n\n\n\n<hr class=\"wp-block-separator has-alpha-channel-opacity\"\/>\n\n\n\n<p> <em>Un guide pas \u00e0 pas pour installer ton site avec Hostinger sera bient\u00f4t disponible sur Bloomila<\/em> +.<\/p>\n\n\n\n<p><\/p>\n\n\n\n<h2 class=\"wp-block-heading\"><strong>SYSTEME.IO- Pour envoyer les lettres du matin<\/strong><\/h2>\n\n\n\n<p>Systeme.io, c\u2019est la plateforme que j\u2019utilise pour <strong>automatiser les emails de Bloomila<\/strong>, notamment l\u2019envoi des <strong>Lettres du matin<\/strong> que tu re\u00e7ois peut-\u00eatre d\u00e9j\u00e0.<\/p>\n\n\n\n<p>C\u2019est simple, fluide, et surtout gratuit jusqu\u2019\u00e0 2000 contacts \u2014 id\u00e9al pour commencer sans pression.<\/p>\n\n\n\n<hr class=\"wp-block-separator has-alpha-channel-opacity\"\/>\n\n\n\n<p> <strong>Pourquoi je l\u2019ai choisi :<\/strong><\/p>\n\n\n\n<ul class=\"wp-block-list\">\n<li>Tu peux cr\u00e9er des tunnels de mails sans coder<\/li>\n\n\n\n<li>Interface intuitive (et disponible en fran\u00e7ais)<\/li>\n\n\n\n<li>Tu connectes ton nom de domaine (comme bloomila.com) tr\u00e8s facilement<\/li>\n\n\n\n<li>Tu peux aussi cr\u00e9er des pages, des formulaires, vendre des produits, etc.<\/li>\n\n\n\n<li>Tout est centralis\u00e9 au m\u00eame endroit<\/li>\n<\/ul>\n\n\n\n<hr class=\"wp-block-separator has-alpha-channel-opacity\"\/>\n\n\n\n<p><em>Je pr\u00e9pare un tutoriel complet \u201cComment automatiser tes mails avec Systeme.io\u201d \u2013 bient\u00f4t disponible dans Bloomila+.<\/em><\/p>\n\n\n\n<p><\/p>\n\n\n\n<h3 class=\"wp-block-heading\"><strong>Canva \u2013 L\u2019atelier visuel de Bloomila<\/strong><\/h3>\n\n\n\n<p>Tous les visuels que tu vois ici \u2014 les cartes, les banni\u00e8res, les guides, les couvertures\u2026 \u2014 sont cr\u00e9\u00e9s sur <strong>Canva<\/strong>.<\/p>\n\n\n\n<p>C\u2019est l\u2019outil que j\u2019utilise <strong>chaque semaine<\/strong> pour construire l\u2019univers visuel de Bloomila sans avoir besoin d\u2019\u00eatre graphiste. Tu peux faire pareil, facilement.<\/p>\n<\/div>\n\n\n\n<hr class=\"wp-block-separator has-alpha-channel-opacity\"\/>\n\n\n\n<p><strong>Pourquoi je l\u2019utilise :<\/strong><\/p>\n\n\n\n<ul class=\"wp-block-list\">\n<li>Des milliers de mod\u00e8les pr\u00eats \u00e0 personnaliser<\/li>\n\n\n\n<li>Possibilit\u00e9 d\u2019ajouter ta charte (couleurs, typo, logo)<\/li>\n\n\n\n<li>Super pratique pour cr\u00e9er un post Insta, un PDF ou une page web visuelle<\/li>\n\n\n\n<li>Tu peux enregistrer tous tes designs dans des dossiers clairs<\/li>\n\n\n\n<li>Et m\u00eame travailler en \u00e9quipe si besoin<\/li>\n<\/ul>\n\n\n\n<hr class=\"wp-block-separator has-alpha-channel-opacity\"\/>\n\n\n\n<p><em>Si tu veux apprendre \u00e0 cr\u00e9er un visuel Bloomila harmonieux (couleur, format, coh\u00e9rence), le guide complet est r\u00e9serv\u00e9 aux membres de Bloomila+.<\/em><\/p>\n\n\n\n<p><\/p>\n\n\n\n<h3 class=\"wp-block-heading\"><strong>WordPress \u2013 Le c\u0153ur de mon site Bloomila<\/strong><\/h3>\n\n\n\n<p>Bloomila est enti\u00e8rement construit avec <strong>WordPress<\/strong>, un outil que j\u2019ai choisi pour sa <strong>souplesse<\/strong>, sa <strong>stabilit\u00e9<\/strong>, et sa capacit\u00e9 \u00e0 \u00e9voluer avec mes id\u00e9es.<\/p>\n\n\n\n<p>M\u00eame sans \u00eatre d\u00e9veloppeur\u00b7se, tu peux cr\u00e9er un site vivant, esth\u00e9tique et clair gr\u00e2ce \u00e0 l\u2019\u00e9diteur WordPress.<\/p>\n\n\n\n<hr class=\"wp-block-separator has-alpha-channel-opacity\"\/>\n\n\n\n<p><strong>Pourquoi je l\u2019utilise :<\/strong><\/p>\n\n\n\n<ul class=\"wp-block-list\">\n<li>C\u2019est gratuit, open source, et utilis\u00e9 dans le monde entier<\/li>\n\n\n\n<li>Je peux cr\u00e9er mes pages facilement avec des blocs (texte, image, bouton, etc.)<\/li>\n\n\n\n<li>Il existe des milliers de th\u00e8mes et d\u2019extensions si je veux aller plus loin<\/li>\n\n\n\n<li>Je peux tout faire \u00e0 mon rythme, sans \u00eatre bloqu\u00e9\u00b7e<\/li>\n<\/ul>\n\n\n\n<hr class=\"wp-block-separator has-alpha-channel-opacity\"\/>\n\n\n\n<p><em>Si tu veux apprendre \u00e0 cr\u00e9er ta premi\u00e8re page avec WordPress sans te perdre, le guide Bloomila+ t\u2019expliquera tout, pas \u00e0 pas.<\/em><\/p>\n","protected":false},"excerpt":{"rendered":"<p>Bloomila repose sur des outils simples mais puissants: Un h\u00e9bergeur, un gestionnaire d&rsquo;e-mails, un outil visuel, une app d&rsquo;organisation&#8230;&#8230; Je les ai choisis pour leur efficacit\u00e9, leur simplicit\u00e9 et parce qu&rsquo;ils aident \u00e0 construire ce projet sans m&rsquo;\u00e9puiser. Je les utilise chaque semaine pour cr\u00e9er, organiser, automatiser ou juste garder de la clart\u00e9. Ici, je [&hellip;]<\/p>\n","protected":false},"author":1,"featured_media":0,"parent":0,"menu_order":0,"comment_status":"closed","ping_status":"closed","template":"","meta":{"footnotes":""},"class_list":["post-535","page","type-page","status-publish","hentry"],"_links":{"self":[{"href":"https:\/\/bloomila.com\/fr_fr\/wp-json\/wp\/v2\/pages\/535","targetHints":{"allow":["GET"]}}],"collection":[{"href":"https:\/\/bloomila.com\/fr_fr\/wp-json\/wp\/v2\/pages"}],"about":[{"href":"https:\/\/bloomila.com\/fr_fr\/wp-json\/wp\/v2\/types\/page"}],"author":[{"embeddable":true,"href":"https:\/\/bloomila.com\/fr_fr\/wp-json\/wp\/v2\/users\/1"}],"replies":[{"embeddable":true,"href":"https:\/\/bloomila.com\/fr_fr\/wp-json\/wp\/v2\/comments?post=535"}],"version-history":[{"count":4,"href":"https:\/\/bloomila.com\/fr_fr\/wp-json\/wp\/v2\/pages\/535\/revisions"}],"predecessor-version":[{"id":752,"href":"https:\/\/bloomila.com\/fr_fr\/wp-json\/wp\/v2\/pages\/535\/revisions\/752"}],"wp:attachment":[{"href":"https:\/\/bloomila.com\/fr_fr\/wp-json\/wp\/v2\/media?parent=535"}],"curies":[{"name":"wp","href":"https:\/\/api.w.org\/{rel}","templated":true}]}}