{"id":381,"date":"2025-06-12T22:39:48","date_gmt":"2025-06-12T22:39:48","guid":{"rendered":"https:\/\/bloomila.com\/?page_id=381"},"modified":"2025-07-09T13:34:04","modified_gmt":"2025-07-09T13:34:04","slug":"collations-2","status":"publish","type":"page","link":"https:\/\/bloomila.com\/fr_fr\/collations-2\/","title":{"rendered":"collations"},"content":{"rendered":"\n<div class=\"wp-block-group alignfull has-global-padding is-layout-constrained wp-block-group-is-layout-constrained\" style=\"margin-top:0;margin-bottom:0;padding-top:var(--wp--preset--spacing--50);padding-bottom:var(--wp--preset--spacing--50)\">\n<div class=\"wp-block-columns alignwide is-layout-flex wp-container-core-columns-is-layout-47c06fe3 wp-block-columns-is-layout-flex\">\n<div class=\"wp-block-column is-layout-flow wp-block-column-is-layout-flow\" style=\"flex-basis:56%\">\n<figure class=\"wp-block-image size-full\"><img loading=\"lazy\" decoding=\"async\" width=\"1024\" height=\"1024\" src=\"https:\/\/bloomila.com\/wp-content\/uploads\/2025\/06\/collations2.png\" alt=\"\" class=\"wp-image-434\" srcset=\"https:\/\/bloomila.com\/wp-content\/uploads\/2025\/06\/collations2.png 1024w, https:\/\/bloomila.com\/wp-content\/uploads\/2025\/06\/collations2-300x300.png 300w, https:\/\/bloomila.com\/wp-content\/uploads\/2025\/06\/collations2-150x150.png 150w, https:\/\/bloomila.com\/wp-content\/uploads\/2025\/06\/collations2-768x768.png 768w\" sizes=\"auto, (max-width: 1024px) 100vw, 1024px\" \/><\/figure>\n<\/div>\n\n\n\n<div class=\"wp-block-column is-vertically-aligned-center is-layout-flow wp-container-core-column-is-layout-119bc444 wp-block-column-is-layout-flow\">\n<h2 class=\"wp-block-heading\">Collations de Bloomila<\/h2>\n\n\n\n<p><strong> Collations du Calme<\/strong><\/p>\n\n\n\n<p><em>Pour ces moments entre deux pens\u00e9es, quand ton ventre parle plus fort que ta t\u00eate.<\/em><\/p>\n\n\n\n<blockquote class=\"wp-block-quote is-layout-flow wp-block-quote-is-layout-flow\">\n<p>Tu trouveras ici des petites recettes \u00e0 la fois simples et sinc\u00e8res.<\/p>\n<\/blockquote>\n\n\n\n<blockquote class=\"wp-block-quote is-layout-flow wp-block-quote-is-layout-flow\">\n<p>Pas pour tenir jusqu\u2019au d\u00eener, mais pour tenir\u2026 tout court.<\/p>\n<\/blockquote>\n\n\n\n<blockquote class=\"wp-block-quote is-layout-flow wp-block-quote-is-layout-flow\">\n<p>Certaines sont saines, d\u2019autres sont \u00e9motionnelles. Toutes ont un petit quelque chose \u00e0 t\u2019offrir.<\/p>\n<\/blockquote>\n\n\n\n<div class=\"wp-block-buttons is-layout-flex wp-block-buttons-is-layout-flex\">\n<div class=\"wp-block-button\"><a class=\"wp-block-button__link wp-element-button\">Envoie-moi une photo de ton Art!<\/a><\/div>\n<\/div>\n<\/div>\n<\/div>\n<\/div>\n\n\n\n<div class=\"wp-block-group alignfull has-global-padding is-layout-constrained wp-block-group-is-layout-constrained\" style=\"margin-top:0;margin-bottom:0;padding-top:var(--wp--preset--spacing--50);padding-bottom:var(--wp--preset--spacing--50)\">\n<div class=\"wp-block-group alignwide is-layout-grid wp-container-core-group-is-layout-21f393a4 wp-block-group-is-layout-grid\">\n<figure class=\"wp-block-image size-full\"><a href=\"https:\/\/bloomila.com\/wp-content\/uploads\/2025\/07\/Capture-decran-2025-07-09-140215.pdf\"><img loading=\"lazy\" decoding=\"async\" width=\"1024\" height=\"1536\" src=\"https:\/\/bloomila.com\/wp-content\/uploads\/2025\/06\/Creme-de-tahini-illustration-.png\" alt=\"\" class=\"wp-image-424\" style=\"object-fit:cover\" srcset=\"https:\/\/bloomila.com\/wp-content\/uploads\/2025\/06\/Creme-de-tahini-illustration-.png 1024w, https:\/\/bloomila.com\/wp-content\/uploads\/2025\/06\/Creme-de-tahini-illustration--200x300.png 200w, https:\/\/bloomila.com\/wp-content\/uploads\/2025\/06\/Creme-de-tahini-illustration--683x1024.png 683w, https:\/\/bloomila.com\/wp-content\/uploads\/2025\/06\/Creme-de-tahini-illustration--768x1152.png 768w\" sizes=\"auto, (max-width: 1024px) 100vw, 1024px\" \/><\/a><\/figure>\n\n\n\n<figure class=\"wp-block-image size-full\"><a href=\"https:\/\/bloomila.com\/wp-content\/uploads\/2025\/06\/biscuit-banane-cookies.pdf\"><img loading=\"lazy\" decoding=\"async\" width=\"1024\" height=\"1536\" src=\"https:\/\/bloomila.com\/wp-content\/uploads\/2025\/06\/Visuel-du-cookies-.png\" alt=\"\" class=\"wp-image-422\" style=\"object-fit:cover\" srcset=\"https:\/\/bloomila.com\/wp-content\/uploads\/2025\/06\/Visuel-du-cookies-.png 1024w, https:\/\/bloomila.com\/wp-content\/uploads\/2025\/06\/Visuel-du-cookies--200x300.png 200w, https:\/\/bloomila.com\/wp-content\/uploads\/2025\/06\/Visuel-du-cookies--683x1024.png 683w, https:\/\/bloomila.com\/wp-content\/uploads\/2025\/06\/Visuel-du-cookies--768x1152.png 768w\" sizes=\"auto, (max-width: 1024px) 100vw, 1024px\" \/><\/a><\/figure>\n\n\n\n<figure class=\"wp-block-image size-full\"><img loading=\"lazy\" decoding=\"async\" width=\"1024\" height=\"1536\" src=\"https:\/\/bloomila.com\/wp-content\/uploads\/2025\/06\/recettes-a-venir.png\" alt=\"\" class=\"wp-image-324\" style=\"object-fit:cover\" srcset=\"https:\/\/bloomila.com\/wp-content\/uploads\/2025\/06\/recettes-a-venir.png 1024w, https:\/\/bloomila.com\/wp-content\/uploads\/2025\/06\/recettes-a-venir-200x300.png 200w\" sizes=\"auto, (max-width: 1024px) 100vw, 1024px\" \/><\/figure>\n\n\n\n<figure class=\"wp-block-image size-full\"><img loading=\"lazy\" decoding=\"async\" width=\"1024\" height=\"1536\" src=\"https:\/\/bloomila.com\/wp-content\/uploads\/2025\/06\/recettes-a-venir.png\" alt=\"\" class=\"wp-image-324\" style=\"object-fit:cover\" srcset=\"https:\/\/bloomila.com\/wp-content\/uploads\/2025\/06\/recettes-a-venir.png 1024w, https:\/\/bloomila.com\/wp-content\/uploads\/2025\/06\/recettes-a-venir-200x300.png 200w\" sizes=\"auto, (max-width: 1024px) 100vw, 1024px\" \/><\/figure>\n\n\n\n<figure class=\"wp-block-image size-full\"><img loading=\"lazy\" decoding=\"async\" width=\"1024\" height=\"1536\" src=\"https:\/\/bloomila.com\/wp-content\/uploads\/2025\/06\/recettes-a-venir.png\" alt=\"\" class=\"wp-image-324\" style=\"object-fit:cover\" srcset=\"https:\/\/bloomila.com\/wp-content\/uploads\/2025\/06\/recettes-a-venir.png 1024w, https:\/\/bloomila.com\/wp-content\/uploads\/2025\/06\/recettes-a-venir-200x300.png 200w\" sizes=\"auto, (max-width: 1024px) 100vw, 1024px\" \/><\/figure>\n\n\n\n<figure class=\"wp-block-image size-full\"><img loading=\"lazy\" decoding=\"async\" width=\"1024\" height=\"1536\" src=\"https:\/\/bloomila.com\/wp-content\/uploads\/2025\/06\/recettes-a-venir.png\" alt=\"\" class=\"wp-image-324\" style=\"object-fit:cover\" srcset=\"https:\/\/bloomila.com\/wp-content\/uploads\/2025\/06\/recettes-a-venir.png 1024w, https:\/\/bloomila.com\/wp-content\/uploads\/2025\/06\/recettes-a-venir-200x300.png 200w\" sizes=\"auto, (max-width: 1024px) 100vw, 1024px\" \/><\/figure>\n\n\n\n<figure class=\"wp-block-image size-full\"><img loading=\"lazy\" decoding=\"async\" width=\"1024\" height=\"1536\" src=\"https:\/\/bloomila.com\/wp-content\/uploads\/2025\/06\/recettes-a-venir.png\" alt=\"\" class=\"wp-image-324\" style=\"object-fit:cover\" srcset=\"https:\/\/bloomila.com\/wp-content\/uploads\/2025\/06\/recettes-a-venir.png 1024w, https:\/\/bloomila.com\/wp-content\/uploads\/2025\/06\/recettes-a-venir-200x300.png 200w\" sizes=\"auto, (max-width: 1024px) 100vw, 1024px\" \/><\/figure>\n\n\n\n<figure class=\"wp-block-image size-full\"><img loading=\"lazy\" decoding=\"async\" width=\"1024\" height=\"1536\" src=\"https:\/\/bloomila.com\/wp-content\/uploads\/2025\/06\/recettes-a-venir.png\" alt=\"\" class=\"wp-image-324\" srcset=\"https:\/\/bloomila.com\/wp-content\/uploads\/2025\/06\/recettes-a-venir.png 1024w, https:\/\/bloomila.com\/wp-content\/uploads\/2025\/06\/recettes-a-venir-200x300.png 200w\" sizes=\"auto, (max-width: 1024px) 100vw, 1024px\" \/><\/figure>\n<\/div>\n<\/div>\n","protected":false},"excerpt":{"rendered":"<p>Collations de Bloomila Collations du Calme Pour ces moments entre deux pens\u00e9es, quand ton ventre parle plus fort que ta t\u00eate. Tu trouveras ici des petites recettes \u00e0 la fois simples et sinc\u00e8res. Pas pour tenir jusqu\u2019au d\u00eener, mais pour tenir\u2026 tout court. Certaines sont saines, d\u2019autres sont \u00e9motionnelles. Toutes ont un petit quelque chose [&hellip;]<\/p>\n","protected":false},"author":1,"featured_media":0,"parent":0,"menu_order":0,"comment_status":"closed","ping_status":"closed","template":"","meta":{"footnotes":""},"class_list":["post-381","page","type-page","status-publish","hentry"],"_links":{"self":[{"href":"https:\/\/bloomila.com\/fr_fr\/wp-json\/wp\/v2\/pages\/381","targetHints":{"allow":["GET"]}}],"collection":[{"href":"https:\/\/bloomila.com\/fr_fr\/wp-json\/wp\/v2\/pages"}],"about":[{"href":"https:\/\/bloomila.com\/fr_fr\/wp-json\/wp\/v2\/types\/page"}],"author":[{"embeddable":true,"href":"https:\/\/bloomila.com\/fr_fr\/wp-json\/wp\/v2\/users\/1"}],"replies":[{"embeddable":true,"href":"https:\/\/bloomila.com\/fr_fr\/wp-json\/wp\/v2\/comments?post=381"}],"version-history":[{"count":7,"href":"https:\/\/bloomila.com\/fr_fr\/wp-json\/wp\/v2\/pages\/381\/revisions"}],"predecessor-version":[{"id":720,"href":"https:\/\/bloomila.com\/fr_fr\/wp-json\/wp\/v2\/pages\/381\/revisions\/720"}],"wp:attachment":[{"href":"https:\/\/bloomila.com\/fr_fr\/wp-json\/wp\/v2\/media?parent=381"}],"curies":[{"name":"wp","href":"https:\/\/api.w.org\/{rel}","templated":true}]}}