{"id":379,"date":"2025-06-12T22:40:40","date_gmt":"2025-06-12T22:40:40","guid":{"rendered":"https:\/\/bloomila.com\/?page_id=379"},"modified":"2025-11-25T14:47:57","modified_gmt":"2025-11-25T14:47:57","slug":"diner-2","status":"publish","type":"page","link":"https:\/\/bloomila.com\/fr_fr\/diner-2\/","title":{"rendered":"DINER"},"content":{"rendered":"\n<div class=\"wp-block-group alignfull has-global-padding is-layout-constrained wp-block-group-is-layout-constrained\" style=\"margin-top:0;margin-bottom:0;padding-top:var(--wp--preset--spacing--50);padding-bottom:var(--wp--preset--spacing--50)\">\n<div class=\"wp-block-columns alignwide is-layout-flex wp-container-core-columns-is-layout-47c06fe3 wp-block-columns-is-layout-flex\">\n<div class=\"wp-block-column is-layout-flow wp-block-column-is-layout-flow\" style=\"flex-basis:56%\">\n<figure class=\"wp-block-image size-full\"><img loading=\"lazy\" decoding=\"async\" width=\"1024\" height=\"1536\" src=\"https:\/\/bloomila.com\/wp-content\/uploads\/2025\/06\/diner.png\" alt=\"\" class=\"wp-image-366\" srcset=\"https:\/\/bloomila.com\/wp-content\/uploads\/2025\/06\/diner.png 1024w, https:\/\/bloomila.com\/wp-content\/uploads\/2025\/06\/diner-200x300.png 200w\" sizes=\"auto, (max-width: 1024px) 100vw, 1024px\" \/><\/figure>\n<\/div>\n\n\n\n<div class=\"wp-block-column is-vertically-aligned-center is-layout-flow wp-container-core-column-is-layout-119bc444 wp-block-column-is-layout-flow\">\n<h2 class=\"wp-block-heading\">Diner de Bloomila<\/h2>\n\n\n\n<p><em>Ce moment o\u00f9 tu ne sais plus si tu veux manger, pleurer, ou dormir.<\/em><\/p>\n\n\n\n<p>Bienvenue dans la section d\u00eener.<br>Tu sais, ce repas de fin de journ\u00e9e que tu voudrais l\u00e9ger, r\u00e9confortant, rapide\u2026 mais aussi bon, \u00e9quilibr\u00e9, chaud, pas trop long, pas trop fade, et surtout sans vaisselle derri\u00e8re <strong>(spoiler : on n\u2019a pas encore cette option).<\/strong><\/p>\n\n\n\n<p>Ici, les recettes du soir ont \u00e9t\u00e9 pens\u00e9es pour :<\/p>\n\n\n\n<ul class=\"wp-block-list\">\n<li>nourrir ton corps <strong>sans vider ton \u00e2me<\/strong>,<\/li>\n\n\n\n<li>calmer tes pens\u00e9es <strong>sans endormir ton envie<\/strong>,<\/li>\n\n\n\n<li>et te faire dire en croquant :<br><em>\u201cAh ouais, \u00e7a j\u2019avais besoin.\u201d<\/em><\/li>\n<\/ul>\n\n\n\n<p>Parfois c\u2019est une soupe humble.<br>Parfois un plat doudou d\u00e9guis\u00e9 en truc s\u00e9rieux.<br>Mais toujours avec l\u2019intention de t\u2019aider \u00e0 <strong>atterrir doucement<\/strong> dans ta fin de journ\u00e9e.<\/p>\n\n\n\n<p>Et non, tu n\u2019es pas oblig\u00e9\u00b7e de <strong>tout<\/strong> partager avec ta famille. Pas ce soir.<\/p>\n\n\n\n<div class=\"wp-block-buttons is-layout-flex wp-block-buttons-is-layout-flex\">\n<div class=\"wp-block-button\"><a class=\"wp-block-button__link wp-element-button\">Envoie moi ta cr\u00e9ation !<\/a><\/div>\n<\/div>\n<\/div>\n<\/div>\n<\/div>\n\n\n\n<div class=\"wp-block-group alignfull has-global-padding is-layout-constrained wp-block-group-is-layout-constrained\" style=\"margin-top:0;margin-bottom:0;padding-top:var(--wp--preset--spacing--50);padding-bottom:var(--wp--preset--spacing--50)\">\n<div class=\"wp-block-group alignwide is-layout-grid wp-container-core-group-is-layout-21f393a4 wp-block-group-is-layout-grid\">\n<figure class=\"wp-block-image size-full\"><a href=\"https:\/\/bloomila.com\/wp-content\/uploads\/2025\/06\/couregette.pdf\"><img loading=\"lazy\" decoding=\"async\" width=\"1024\" height=\"1536\" src=\"https:\/\/bloomila.com\/wp-content\/uploads\/2025\/06\/pate-a-la-courgette.png\" alt=\"\" class=\"wp-image-387\" style=\"object-fit:cover\" srcset=\"https:\/\/bloomila.com\/wp-content\/uploads\/2025\/06\/pate-a-la-courgette.png 1024w, https:\/\/bloomila.com\/wp-content\/uploads\/2025\/06\/pate-a-la-courgette-200x300.png 200w\" sizes=\"auto, (max-width: 1024px) 100vw, 1024px\" \/><\/a><\/figure>\n\n\n\n<figure class=\"wp-block-image size-full wp-container-content-79286276\"><a href=\"https:\/\/bloomila.com\/wp-content\/uploads\/2025\/06\/ecrasee-de-pomme-de-terre-.pdf\"><img loading=\"lazy\" decoding=\"async\" width=\"1024\" height=\"1536\" src=\"https:\/\/bloomila.com\/wp-content\/uploads\/2025\/06\/pommeb-de-terre-roties.png\" alt=\"\" class=\"wp-image-392\" style=\"object-fit:cover\" srcset=\"https:\/\/bloomila.com\/wp-content\/uploads\/2025\/06\/pommeb-de-terre-roties.png 1024w, https:\/\/bloomila.com\/wp-content\/uploads\/2025\/06\/pommeb-de-terre-roties-200x300.png 200w, https:\/\/bloomila.com\/wp-content\/uploads\/2025\/06\/pommeb-de-terre-roties-683x1024.png 683w, https:\/\/bloomila.com\/wp-content\/uploads\/2025\/06\/pommeb-de-terre-roties-768x1152.png 768w\" sizes=\"auto, (max-width: 1024px) 100vw, 1024px\" \/><\/a><\/figure>\n\n\n\n<figure class=\"wp-block-image size-full\"><a href=\"https:\/\/bloomila.com\/wp-content\/uploads\/2025\/11\/frite-merguez-de-la-flemme-cartoon.pdf\"><img loading=\"lazy\" decoding=\"async\" width=\"1024\" height=\"1536\" src=\"https:\/\/bloomila.com\/wp-content\/uploads\/2025\/11\/recette-de-la-flemme-frite-merguez.png\" alt=\"\" class=\"wp-image-1085\" style=\"object-fit:cover\" srcset=\"https:\/\/bloomila.com\/wp-content\/uploads\/2025\/11\/recette-de-la-flemme-frite-merguez.png 1024w, https:\/\/bloomila.com\/wp-content\/uploads\/2025\/11\/recette-de-la-flemme-frite-merguez-200x300.png 200w, https:\/\/bloomila.com\/wp-content\/uploads\/2025\/11\/recette-de-la-flemme-frite-merguez-683x1024.png 683w\" sizes=\"auto, (max-width: 1024px) 100vw, 1024px\" \/><\/a><\/figure>\n\n\n\n<figure class=\"wp-block-image size-full\"><a href=\"https:\/\/bloomila.com\/wp-content\/uploads\/2025\/11\/hot-dog-dorees.pdf\"><img loading=\"lazy\" decoding=\"async\" width=\"1024\" height=\"1536\" src=\"https:\/\/bloomila.com\/wp-content\/uploads\/2025\/11\/hot-dog-dore.png\" alt=\"\" class=\"wp-image-1121\" style=\"object-fit:cover\" srcset=\"https:\/\/bloomila.com\/wp-content\/uploads\/2025\/11\/hot-dog-dore.png 1024w, https:\/\/bloomila.com\/wp-content\/uploads\/2025\/11\/hot-dog-dore-200x300.png 200w, https:\/\/bloomila.com\/wp-content\/uploads\/2025\/11\/hot-dog-dore-683x1024.png 683w, https:\/\/bloomila.com\/wp-content\/uploads\/2025\/11\/hot-dog-dore-768x1152.png 768w, https:\/\/bloomila.com\/wp-content\/uploads\/2025\/11\/hot-dog-dore-8x12.png 8w, https:\/\/bloomila.com\/wp-content\/uploads\/2025\/11\/hot-dog-dore-600x900.png 600w\" sizes=\"auto, (max-width: 1024px) 100vw, 1024px\" \/><\/a><\/figure>\n\n\n\n<figure class=\"wp-block-image size-full\"><a href=\"https:\/\/bloomila.com\/wp-content\/uploads\/2025\/11\/koreen-galette-muffins.pdf\"><img loading=\"lazy\" decoding=\"async\" width=\"1024\" height=\"1536\" src=\"https:\/\/bloomila.com\/wp-content\/uploads\/2025\/11\/Korren-galette-mufins.png\" alt=\"\" class=\"wp-image-1126\" style=\"object-fit:cover\" srcset=\"https:\/\/bloomila.com\/wp-content\/uploads\/2025\/11\/Korren-galette-mufins.png 1024w, https:\/\/bloomila.com\/wp-content\/uploads\/2025\/11\/Korren-galette-mufins-200x300.png 200w, https:\/\/bloomila.com\/wp-content\/uploads\/2025\/11\/Korren-galette-mufins-683x1024.png 683w, https:\/\/bloomila.com\/wp-content\/uploads\/2025\/11\/Korren-galette-mufins-768x1152.png 768w, https:\/\/bloomila.com\/wp-content\/uploads\/2025\/11\/Korren-galette-mufins-8x12.png 8w, https:\/\/bloomila.com\/wp-content\/uploads\/2025\/11\/Korren-galette-mufins-600x900.png 600w\" sizes=\"auto, (max-width: 1024px) 100vw, 1024px\" \/><\/a><\/figure>\n\n\n\n<figure class=\"wp-block-image size-full\"><a href=\"https:\/\/bloomila.com\/wp-content\/uploads\/2025\/11\/saucisses-farci-a-lail-des-ours.pdf\"><img loading=\"lazy\" decoding=\"async\" width=\"1024\" height=\"1536\" src=\"https:\/\/bloomila.com\/wp-content\/uploads\/2025\/11\/SAUCISSES-AIL-DES-OURS.png\" alt=\"\" class=\"wp-image-1131\" style=\"object-fit:cover\" srcset=\"https:\/\/bloomila.com\/wp-content\/uploads\/2025\/11\/SAUCISSES-AIL-DES-OURS.png 1024w, https:\/\/bloomila.com\/wp-content\/uploads\/2025\/11\/SAUCISSES-AIL-DES-OURS-200x300.png 200w, https:\/\/bloomila.com\/wp-content\/uploads\/2025\/11\/SAUCISSES-AIL-DES-OURS-683x1024.png 683w, https:\/\/bloomila.com\/wp-content\/uploads\/2025\/11\/SAUCISSES-AIL-DES-OURS-768x1152.png 768w, https:\/\/bloomila.com\/wp-content\/uploads\/2025\/11\/SAUCISSES-AIL-DES-OURS-8x12.png 8w, https:\/\/bloomila.com\/wp-content\/uploads\/2025\/11\/SAUCISSES-AIL-DES-OURS-600x900.png 600w\" sizes=\"auto, (max-width: 1024px) 100vw, 1024px\" \/><\/a><\/figure>\n\n\n\n<figure class=\"wp-block-image size-full\"><img loading=\"lazy\" decoding=\"async\" width=\"1024\" height=\"1536\" src=\"https:\/\/bloomila.com\/wp-content\/uploads\/2025\/06\/recettes-a-venir.png\" alt=\"\" class=\"wp-image-324\" srcset=\"https:\/\/bloomila.com\/wp-content\/uploads\/2025\/06\/recettes-a-venir.png 1024w, https:\/\/bloomila.com\/wp-content\/uploads\/2025\/06\/recettes-a-venir-200x300.png 200w\" sizes=\"auto, (max-width: 1024px) 100vw, 1024px\" \/><\/figure>\n\n\n\n<figure class=\"wp-block-image size-full\"><img loading=\"lazy\" decoding=\"async\" width=\"1024\" height=\"1536\" src=\"https:\/\/bloomila.com\/wp-content\/uploads\/2025\/06\/recettes-a-venir.png\" alt=\"\" class=\"wp-image-324\" srcset=\"https:\/\/bloomila.com\/wp-content\/uploads\/2025\/06\/recettes-a-venir.png 1024w, https:\/\/bloomila.com\/wp-content\/uploads\/2025\/06\/recettes-a-venir-200x300.png 200w\" sizes=\"auto, (max-width: 1024px) 100vw, 1024px\" \/><\/figure>\n<\/div>\n<\/div>\n","protected":false},"excerpt":{"rendered":"<p>Diner de Bloomila Ce moment o\u00f9 tu ne sais plus si tu veux manger, pleurer, ou dormir. Bienvenue dans la section d\u00eener.Tu sais, ce repas de fin de journ\u00e9e que tu voudrais l\u00e9ger, r\u00e9confortant, rapide\u2026 mais aussi bon, \u00e9quilibr\u00e9, chaud, pas trop long, pas trop fade, et surtout sans vaisselle derri\u00e8re (spoiler : on n\u2019a [&hellip;]<\/p>\n","protected":false},"author":1,"featured_media":0,"parent":0,"menu_order":0,"comment_status":"closed","ping_status":"closed","template":"","meta":{"footnotes":""},"class_list":["post-379","page","type-page","status-publish","hentry"],"_links":{"self":[{"href":"https:\/\/bloomila.com\/fr_fr\/wp-json\/wp\/v2\/pages\/379","targetHints":{"allow":["GET"]}}],"collection":[{"href":"https:\/\/bloomila.com\/fr_fr\/wp-json\/wp\/v2\/pages"}],"about":[{"href":"https:\/\/bloomila.com\/fr_fr\/wp-json\/wp\/v2\/types\/page"}],"author":[{"embeddable":true,"href":"https:\/\/bloomila.com\/fr_fr\/wp-json\/wp\/v2\/users\/1"}],"replies":[{"embeddable":true,"href":"https:\/\/bloomila.com\/fr_fr\/wp-json\/wp\/v2\/comments?post=379"}],"version-history":[{"count":7,"href":"https:\/\/bloomila.com\/fr_fr\/wp-json\/wp\/v2\/pages\/379\/revisions"}],"predecessor-version":[{"id":1135,"href":"https:\/\/bloomila.com\/fr_fr\/wp-json\/wp\/v2\/pages\/379\/revisions\/1135"}],"wp:attachment":[{"href":"https:\/\/bloomila.com\/fr_fr\/wp-json\/wp\/v2\/media?parent=379"}],"curies":[{"name":"wp","href":"https:\/\/api.w.org\/{rel}","templated":true}]}}