{"id":364,"date":"2025-06-12T22:41:10","date_gmt":"2025-06-12T22:41:10","guid":{"rendered":"https:\/\/bloomila.com\/?page_id=364"},"modified":"2025-06-12T22:41:10","modified_gmt":"2025-06-12T22:41:10","slug":"boissons-2","status":"publish","type":"page","link":"https:\/\/bloomila.com\/fr_fr\/boissons-2\/","title":{"rendered":"boissons"},"content":{"rendered":"\n<div class=\"wp-block-group alignfull has-global-padding is-layout-constrained wp-block-group-is-layout-constrained\" style=\"margin-top:0;margin-bottom:0;padding-top:var(--wp--preset--spacing--50);padding-bottom:var(--wp--preset--spacing--50)\">\n<div class=\"wp-block-columns alignwide is-layout-flex wp-container-core-columns-is-layout-47c06fe3 wp-block-columns-is-layout-flex\">\n<div class=\"wp-block-column is-layout-flow wp-block-column-is-layout-flow\" style=\"flex-basis:56%\">\n<figure class=\"wp-block-image size-full\"><img loading=\"lazy\" decoding=\"async\" width=\"1024\" height=\"1536\" src=\"https:\/\/bloomila.com\/wp-content\/uploads\/2025\/06\/boissons.png\" alt=\"\" class=\"wp-image-368\" srcset=\"https:\/\/bloomila.com\/wp-content\/uploads\/2025\/06\/boissons.png 1024w, https:\/\/bloomila.com\/wp-content\/uploads\/2025\/06\/boissons-200x300.png 200w\" sizes=\"auto, (max-width: 1024px) 100vw, 1024px\" \/><\/figure>\n<\/div>\n\n\n\n<div class=\"wp-block-column is-vertically-aligned-center is-layout-flow wp-container-core-column-is-layout-119bc444 wp-block-column-is-layout-flow\">\n<h2 class=\"wp-block-heading has-playfair-display-font-family\">Boissons Bloomila<\/h2>\n\n\n\n<p><em>\u00c0 boire lentement, m\u00eame quand tu vas trop vite.<\/em><\/p>\n\n\n\n<p>Bienvenue dans le rayon liquide du calme.<br>Ici, tu ne trouveras ni shots de caf\u00e9ine agressive, ni smoothies prot\u00e9in\u00e9s qui te hurlent de devenir une meilleure version de toi-m\u00eame.<\/p>\n\n\n\n<p>Non.<br>Ici, les boissons ont une mission bien plus subtile : <strong>ne pas te brusquer<\/strong>.<\/p>\n\n\n\n<p>Parce que parfois, boire un truc bon et simple,<br>c\u2019est d\u00e9j\u00e0 <strong>prendre soin de soi<\/strong> sans \u00e9crire un post Instagram pour le prouver.<\/p>\n\n\n\n<div class=\"wp-block-buttons is-layout-flex wp-block-buttons-is-layout-flex\">\n<div class=\"wp-block-button\"><a class=\"wp-block-button__link wp-element-button\">Envoie moi une photo de ta cr\u00e9ation !<\/a><\/div>\n<\/div>\n<\/div>\n<\/div>\n<\/div>\n\n\n\n<div class=\"wp-block-group alignfull has-global-padding is-layout-constrained wp-block-group-is-layout-constrained\" style=\"margin-top:0;margin-bottom:0;padding-top:var(--wp--preset--spacing--50);padding-bottom:var(--wp--preset--spacing--50)\">\n<div class=\"wp-block-group alignwide is-layout-grid wp-container-core-group-is-layout-21f393a4 wp-block-group-is-layout-grid\">\n<figure class=\"wp-block-image size-full\"><a href=\"https:\/\/bloomila.com\/wp-content\/uploads\/2025\/06\/the-peche.pdf\"><img loading=\"lazy\" decoding=\"async\" width=\"1024\" height=\"1536\" src=\"https:\/\/bloomila.com\/wp-content\/uploads\/2025\/06\/the-peche.png\" alt=\"\" class=\"wp-image-372\" style=\"object-fit:cover\" srcset=\"https:\/\/bloomila.com\/wp-content\/uploads\/2025\/06\/the-peche.png 1024w, https:\/\/bloomila.com\/wp-content\/uploads\/2025\/06\/the-peche-200x300.png 200w\" sizes=\"auto, (max-width: 1024px) 100vw, 1024px\" \/><\/a><\/figure>\n\n\n\n<figure class=\"wp-block-image size-full\"><a href=\"https:\/\/bloomila.com\/wp-content\/uploads\/2025\/06\/ginger-ale.pdf\"><img loading=\"lazy\" decoding=\"async\" width=\"1024\" height=\"1536\" src=\"https:\/\/bloomila.com\/wp-content\/uploads\/2025\/06\/ginger-ale.png\" alt=\"\" class=\"wp-image-373\" style=\"object-fit:cover\" srcset=\"https:\/\/bloomila.com\/wp-content\/uploads\/2025\/06\/ginger-ale.png 1024w, https:\/\/bloomila.com\/wp-content\/uploads\/2025\/06\/ginger-ale-200x300.png 200w\" sizes=\"auto, (max-width: 1024px) 100vw, 1024px\" \/><\/a><\/figure>\n\n\n\n<figure class=\"wp-block-image size-full\"><a href=\"https:\/\/bloomila.com\/wp-content\/uploads\/2025\/06\/infusion.pdf\"><img loading=\"lazy\" decoding=\"async\" width=\"1024\" height=\"1536\" src=\"https:\/\/bloomila.com\/wp-content\/uploads\/2025\/06\/infusion.png\" alt=\"\" class=\"wp-image-375\" style=\"object-fit:cover\" srcset=\"https:\/\/bloomila.com\/wp-content\/uploads\/2025\/06\/infusion.png 1024w, https:\/\/bloomila.com\/wp-content\/uploads\/2025\/06\/infusion-200x300.png 200w, https:\/\/bloomila.com\/wp-content\/uploads\/2025\/06\/infusion-683x1024.png 683w, https:\/\/bloomila.com\/wp-content\/uploads\/2025\/06\/infusion-768x1152.png 768w\" sizes=\"auto, (max-width: 1024px) 100vw, 1024px\" \/><\/a><\/figure>\n\n\n\n<figure class=\"wp-block-image size-full\"><img loading=\"lazy\" decoding=\"async\" width=\"1024\" height=\"1536\" src=\"https:\/\/bloomila.com\/wp-content\/uploads\/2025\/06\/recettes-a-venir.png\" alt=\"\" class=\"wp-image-324\" style=\"object-fit:cover\" srcset=\"https:\/\/bloomila.com\/wp-content\/uploads\/2025\/06\/recettes-a-venir.png 1024w, https:\/\/bloomila.com\/wp-content\/uploads\/2025\/06\/recettes-a-venir-200x300.png 200w\" sizes=\"auto, (max-width: 1024px) 100vw, 1024px\" \/><\/figure>\n\n\n\n<figure class=\"wp-block-image size-full\"><img loading=\"lazy\" decoding=\"async\" width=\"1024\" height=\"1536\" src=\"https:\/\/bloomila.com\/wp-content\/uploads\/2025\/06\/recettes-a-venir.png\" alt=\"\" class=\"wp-image-324\" style=\"object-fit:cover\" srcset=\"https:\/\/bloomila.com\/wp-content\/uploads\/2025\/06\/recettes-a-venir.png 1024w, https:\/\/bloomila.com\/wp-content\/uploads\/2025\/06\/recettes-a-venir-200x300.png 200w\" sizes=\"auto, (max-width: 1024px) 100vw, 1024px\" \/><\/figure>\n\n\n\n<figure class=\"wp-block-image size-full\"><img loading=\"lazy\" decoding=\"async\" width=\"1024\" height=\"1536\" src=\"https:\/\/bloomila.com\/wp-content\/uploads\/2025\/06\/recettes-a-venir.png\" alt=\"\" class=\"wp-image-324\" style=\"object-fit:cover\" srcset=\"https:\/\/bloomila.com\/wp-content\/uploads\/2025\/06\/recettes-a-venir.png 1024w, https:\/\/bloomila.com\/wp-content\/uploads\/2025\/06\/recettes-a-venir-200x300.png 200w\" sizes=\"auto, (max-width: 1024px) 100vw, 1024px\" \/><\/figure>\n\n\n\n<figure class=\"wp-block-image size-full\"><img loading=\"lazy\" decoding=\"async\" width=\"1024\" height=\"1536\" src=\"https:\/\/bloomila.com\/wp-content\/uploads\/2025\/06\/recettes-a-venir.png\" alt=\"\" class=\"wp-image-324\" style=\"object-fit:cover\" srcset=\"https:\/\/bloomila.com\/wp-content\/uploads\/2025\/06\/recettes-a-venir.png 1024w, https:\/\/bloomila.com\/wp-content\/uploads\/2025\/06\/recettes-a-venir-200x300.png 200w\" sizes=\"auto, (max-width: 1024px) 100vw, 1024px\" \/><\/figure>\n\n\n\n<figure class=\"wp-block-image size-full\"><img loading=\"lazy\" decoding=\"async\" width=\"1024\" height=\"1536\" src=\"https:\/\/bloomila.com\/wp-content\/uploads\/2025\/06\/recettes-a-venir.png\" alt=\"\" class=\"wp-image-324\" srcset=\"https:\/\/bloomila.com\/wp-content\/uploads\/2025\/06\/recettes-a-venir.png 1024w, https:\/\/bloomila.com\/wp-content\/uploads\/2025\/06\/recettes-a-venir-200x300.png 200w\" sizes=\"auto, (max-width: 1024px) 100vw, 1024px\" \/><\/figure>\n<\/div>\n<\/div>\n","protected":false},"excerpt":{"rendered":"<p>Boissons Bloomila \u00c0 boire lentement, m\u00eame quand tu vas trop vite. Bienvenue dans le rayon liquide du calme.Ici, tu ne trouveras ni shots de caf\u00e9ine agressive, ni smoothies prot\u00e9in\u00e9s qui te hurlent de devenir une meilleure version de toi-m\u00eame. Non.Ici, les boissons ont une mission bien plus subtile : ne pas te brusquer. Parce que [&hellip;]<\/p>\n","protected":false},"author":1,"featured_media":0,"parent":0,"menu_order":0,"comment_status":"closed","ping_status":"closed","template":"","meta":{"footnotes":""},"class_list":["post-364","page","type-page","status-publish","hentry"],"_links":{"self":[{"href":"https:\/\/bloomila.com\/fr_fr\/wp-json\/wp\/v2\/pages\/364","targetHints":{"allow":["GET"]}}],"collection":[{"href":"https:\/\/bloomila.com\/fr_fr\/wp-json\/wp\/v2\/pages"}],"about":[{"href":"https:\/\/bloomila.com\/fr_fr\/wp-json\/wp\/v2\/types\/page"}],"author":[{"embeddable":true,"href":"https:\/\/bloomila.com\/fr_fr\/wp-json\/wp\/v2\/users\/1"}],"replies":[{"embeddable":true,"href":"https:\/\/bloomila.com\/fr_fr\/wp-json\/wp\/v2\/comments?post=364"}],"version-history":[{"count":2,"href":"https:\/\/bloomila.com\/fr_fr\/wp-json\/wp\/v2\/pages\/364\/revisions"}],"predecessor-version":[{"id":378,"href":"https:\/\/bloomila.com\/fr_fr\/wp-json\/wp\/v2\/pages\/364\/revisions\/378"}],"wp:attachment":[{"href":"https:\/\/bloomila.com\/fr_fr\/wp-json\/wp\/v2\/media?parent=364"}],"curies":[{"name":"wp","href":"https:\/\/api.w.org\/{rel}","templated":true}]}}