{"id":295,"date":"2025-06-11T15:17:42","date_gmt":"2025-06-11T15:17:42","guid":{"rendered":"https:\/\/bloomila.com\/?page_id=295"},"modified":"2025-07-06T21:48:43","modified_gmt":"2025-07-06T21:48:43","slug":"recette-du-calme","status":"publish","type":"page","link":"https:\/\/bloomila.com\/fr_fr\/recette-du-calme\/","title":{"rendered":"recette du calme"},"content":{"rendered":"\n<div class=\"wp-block-cover alignfull has-accent-1-color has-text-color has-link-color wp-elements-0cdb909044cbf45ed34230082cc0106e wp-duotone-unset-1\" style=\"margin-top:0;margin-bottom:0;padding-top:200px;padding-right:var(--wp--preset--spacing--50);padding-bottom:200px;padding-left:var(--wp--preset--spacing--50);min-height:100vh;aspect-ratio:unset;\"><img loading=\"lazy\" decoding=\"async\" width=\"1024\" height=\"683\" class=\"wp-block-cover__image-background wp-image-289 size-large\" alt=\"\" src=\"https:\/\/bloomila.com\/wp-content\/uploads\/2025\/06\/image-petit-dejeuner-1024x683.png\" data-object-fit=\"cover\" srcset=\"https:\/\/bloomila.com\/wp-content\/uploads\/2025\/06\/image-petit-dejeuner-1024x683.png 1024w, https:\/\/bloomila.com\/wp-content\/uploads\/2025\/06\/image-petit-dejeuner-300x200.png 300w, https:\/\/bloomila.com\/wp-content\/uploads\/2025\/06\/image-petit-dejeuner-768x512.png 768w, https:\/\/bloomila.com\/wp-content\/uploads\/2025\/06\/image-petit-dejeuner.png 1536w\" sizes=\"auto, (max-width: 1024px) 100vw, 1024px\" \/><span aria-hidden=\"true\" class=\"wp-block-cover__background has-background-dim-40 has-background-dim\" style=\"background-color:#846944\"><\/span><div class=\"wp-block-cover__inner-container has-global-padding is-layout-constrained wp-container-core-cover-is-layout-d47c59a2 wp-block-cover-is-layout-constrained\">\n<h6 class=\"wp-block-heading has-text-align-center is-style-default has-base-color has-text-color has-link-color has-xx-large-font-size wp-elements-f407b1425f6acf56425869094047fb92\" style=\"border-style:none;border-width:0px\">Recettes du calme<\/h6>\n\n\n\n<p class=\"has-text-align-left has-base-color has-text-color has-link-color has-playfair-display-font-family has-medium-font-size wp-elements-e8c9c440338f233e66c2acba04f8e4fa\">Je suis <strong>Bloomila<\/strong>. Et comme beaucoup, j&rsquo;ai souvent appris \u00e0 <strong>me retenir<\/strong>. A dire <strong>non \u00e0 mes envies<\/strong>, \u00e0 mon <strong>corps<\/strong>, \u00e0 mes <strong>manques<\/strong>. Mais il y a des jours o\u00f9 <strong>r\u00e9sister n&rsquo;est pas courageux<\/strong>, juste <strong>\u00e9puisant<\/strong>. Ici j, je partage <strong>des recettes qui font du bien<\/strong>. Pas pour <strong>\u00ab\u00a0craquer\u00a0\u00bb.<\/strong> Mais pour <strong>r\u00e9conforter sans culpabiliser<\/strong>, pour <strong>ralentir sans abandonner, <\/strong>pour s<strong>e nourrir autrement<\/strong>.<\/p>\n\n\n\n<p class=\"has-text-align-left has-base-color has-text-color has-link-color has-playfair-display-font-family has-medium-font-size wp-elements-497d1fa3eee9e5372688fa2a0b6e85da\">-Une<strong> envie de sucre<\/strong> qui cache un <strong>coup de fatigue<\/strong> ou un <strong>stress <\/strong>?<\/p>\n\n\n\n<p class=\"has-text-align-left has-base-color has-text-color has-link-color has-playfair-display-font-family has-medium-font-size wp-elements-d76685843c00701631e926cce73c8e53\">-Une <strong>douceur <\/strong>qui fait office de <strong>c\u00e2lin<\/strong> quand tout va trop vite<strong> ?<\/strong><\/p>\n\n\n\n<p class=\"has-text-align-left has-base-color has-text-color has-link-color has-playfair-display-font-family has-medium-font-size wp-elements-4cb7b43366fd94d6f091d099a7ae7304\">-Une <strong>pause<\/strong> pour <strong>apaiser l&rsquo;int\u00e9rieur<\/strong> sans tomber dans les extr\u00eames ?<\/p>\n\n\n\n<p class=\"has-text-align-left is-style-default has-base-color has-text-color has-link-color has-playfair-display-font-family has-medium-font-size wp-elements-e7feb15f2d04bf05457cfe84d217ed8d\">Chaque recette est une <strong>r\u00e9ponse douce \u00e0 une tension invisible<\/strong>. Un petit geste qui dit : <strong>\u00ab\u00a0Je t&rsquo;\u00e9coute. Tu as le droit de prendre soin de toi.\u00a0\u00bb<\/strong> C&rsquo;est <strong>simple<\/strong>, mais <strong>vrai<\/strong>. Et parfois, <strong>c&rsquo;est tout ce dont on a besoin.<\/strong> Et si tu craques un jour, ce n&rsquo;est pas grave.<\/p>\n\n\n\n<p class=\"has-text-align-left has-base-color has-text-color has-link-color has-playfair-display-font-family has-medium-font-size wp-elements-b5d7affc9eee5018bc1d5c27ba2f195c\">Un bol de d\u00e9prime, \u00e7a peut arriver.<\/p>\n\n\n\n<p class=\"has-text-align-left has-base-color has-text-color has-link-color has-playfair-display-font-family has-medium-font-size wp-elements-ee4bcce9965971399837cfed045bb035\">Tant que \u00e7a ne devient pas ton quotidien, tant que tu restes \u00e0 l&rsquo;\u00e9coute&#8230;. tu n&rsquo;as rien perdu. Tu apprends. Tu respires. Tu reprends.<\/p>\n<\/div><\/div>\n\n\n\n<div class=\"wp-block-group alignfull is-layout-grid wp-container-core-group-is-layout-b50959bf wp-block-group-is-layout-grid\" style=\"border-style:none;border-width:0px;min-height:0px;margin-top:0;margin-bottom:0;padding-top:var(--wp--preset--spacing--30);padding-bottom:var(--wp--preset--spacing--30)\">\n<div class=\"wp-block-columns is-layout-flex wp-container-core-columns-is-layout-28f84493 wp-block-columns-is-layout-flex\">\n<div class=\"wp-block-column is-layout-flow wp-block-column-is-layout-flow\">\n<div class=\"wp-block-cover\" style=\"min-height:554px;aspect-ratio:unset;\"><img loading=\"lazy\" decoding=\"async\" width=\"683\" height=\"1024\" class=\"wp-block-cover__image-background wp-image-305\" alt=\"\" src=\"https:\/\/bloomila.com\/wp-content\/uploads\/2025\/06\/image-du-petit-dejeuner-683x1024.png\" data-object-fit=\"cover\" srcset=\"https:\/\/bloomila.com\/wp-content\/uploads\/2025\/06\/image-du-petit-dejeuner-683x1024.png 683w, https:\/\/bloomila.com\/wp-content\/uploads\/2025\/06\/image-du-petit-dejeuner-200x300.png 200w, https:\/\/bloomila.com\/wp-content\/uploads\/2025\/06\/image-du-petit-dejeuner-768x1152.png 768w, https:\/\/bloomila.com\/wp-content\/uploads\/2025\/06\/image-du-petit-dejeuner.png 1024w\" sizes=\"auto, (max-width: 683px) 100vw, 683px\" \/><span aria-hidden=\"true\" class=\"wp-block-cover__background has-background-dim\"><\/span><div class=\"wp-block-cover__inner-container is-layout-flow wp-block-cover-is-layout-flow\">\n<p class=\"has-text-align-center is-style-default has-base-color has-text-color has-link-color has-playfair-display-font-family has-x-large-font-size wp-elements-170225a7a877cd153bb002667d695876\"><a href=\"https:\/\/bloomila.com\/?page_id=314\" data-type=\"link\" data-id=\"https:\/\/bloomila.com\/?page_id=314\">PETIT DEJEUNER<\/a><\/p>\n<\/div><\/div>\n<\/div>\n<\/div>\n\n\n\n<div class=\"wp-block-cover\"><img loading=\"lazy\" decoding=\"async\" width=\"683\" height=\"1024\" class=\"wp-block-cover__image-background wp-image-308\" alt=\"\" src=\"https:\/\/bloomila.com\/wp-content\/uploads\/2025\/06\/image-du-dejeuner-2-1-683x1024.png\" data-object-fit=\"cover\" srcset=\"https:\/\/bloomila.com\/wp-content\/uploads\/2025\/06\/image-du-dejeuner-2-1-683x1024.png 683w, https:\/\/bloomila.com\/wp-content\/uploads\/2025\/06\/image-du-dejeuner-2-1-200x300.png 200w, https:\/\/bloomila.com\/wp-content\/uploads\/2025\/06\/image-du-dejeuner-2-1-768x1152.png 768w, https:\/\/bloomila.com\/wp-content\/uploads\/2025\/06\/image-du-dejeuner-2-1.png 1024w\" sizes=\"auto, (max-width: 683px) 100vw, 683px\" \/><span aria-hidden=\"true\" class=\"wp-block-cover__background has-background-dim\"><\/span><div class=\"wp-block-cover__inner-container is-layout-flow wp-block-cover-is-layout-flow\">\n<p class=\"has-text-align-center has-playfair-display-font-family has-x-large-font-size\"><a href=\"https:\/\/bloomila.com\/dejeuner\/\" data-type=\"page\" data-id=\"340\">DEJEUNER<\/a><\/p>\n<\/div><\/div>\n\n\n\n<div class=\"wp-block-cover\"><img loading=\"lazy\" decoding=\"async\" width=\"683\" height=\"1024\" class=\"wp-block-cover__image-background wp-image-302\" alt=\"\" src=\"https:\/\/bloomila.com\/wp-content\/uploads\/2025\/06\/image-colltion-683x1024.png\" data-object-fit=\"cover\" srcset=\"https:\/\/bloomila.com\/wp-content\/uploads\/2025\/06\/image-colltion-683x1024.png 683w, https:\/\/bloomila.com\/wp-content\/uploads\/2025\/06\/image-colltion-200x300.png 200w, https:\/\/bloomila.com\/wp-content\/uploads\/2025\/06\/image-colltion-768x1152.png 768w, https:\/\/bloomila.com\/wp-content\/uploads\/2025\/06\/image-colltion.png 1024w\" sizes=\"auto, (max-width: 683px) 100vw, 683px\" \/><span aria-hidden=\"true\" class=\"wp-block-cover__background has-background-dim\"><\/span><div class=\"wp-block-cover__inner-container is-layout-flow wp-block-cover-is-layout-flow\">\n<p class=\"has-text-align-center has-playfair-display-font-family has-x-large-font-size\"><a href=\"https:\/\/bloomila.com\/collations-2\/\" data-type=\"page\" data-id=\"381\">COLLATIONS<\/a><\/p>\n<\/div><\/div>\n\n\n\n<div class=\"wp-block-cover\"><img loading=\"lazy\" decoding=\"async\" width=\"683\" height=\"1024\" class=\"wp-block-cover__image-background wp-image-304\" alt=\"\" src=\"https:\/\/bloomila.com\/wp-content\/uploads\/2025\/06\/image-du-diner-683x1024.png\" data-object-fit=\"cover\" srcset=\"https:\/\/bloomila.com\/wp-content\/uploads\/2025\/06\/image-du-diner-683x1024.png 683w, https:\/\/bloomila.com\/wp-content\/uploads\/2025\/06\/image-du-diner-200x300.png 200w, https:\/\/bloomila.com\/wp-content\/uploads\/2025\/06\/image-du-diner-768x1152.png 768w, https:\/\/bloomila.com\/wp-content\/uploads\/2025\/06\/image-du-diner.png 1024w\" sizes=\"auto, (max-width: 683px) 100vw, 683px\" \/><span aria-hidden=\"true\" class=\"wp-block-cover__background has-background-dim\"><\/span><div class=\"wp-block-cover__inner-container is-layout-flow wp-block-cover-is-layout-flow\">\n<p class=\"has-text-align-center has-playfair-display-font-family has-x-large-font-size\"><a href=\"https:\/\/bloomila.com\/diner-2\/\" data-type=\"page\" data-id=\"379\">DINER<\/a><\/p>\n<\/div><\/div>\n\n\n\n<div class=\"wp-block-cover\"><img loading=\"lazy\" decoding=\"async\" width=\"683\" height=\"1024\" class=\"wp-block-cover__image-background wp-image-306\" alt=\"\" src=\"https:\/\/bloomila.com\/wp-content\/uploads\/2025\/06\/image-de-boisson-683x1024.png\" data-object-fit=\"cover\" srcset=\"https:\/\/bloomila.com\/wp-content\/uploads\/2025\/06\/image-de-boisson-683x1024.png 683w, https:\/\/bloomila.com\/wp-content\/uploads\/2025\/06\/image-de-boisson-200x300.png 200w, https:\/\/bloomila.com\/wp-content\/uploads\/2025\/06\/image-de-boisson-768x1152.png 768w, https:\/\/bloomila.com\/wp-content\/uploads\/2025\/06\/image-de-boisson.png 1024w\" sizes=\"auto, (max-width: 683px) 100vw, 683px\" \/><span aria-hidden=\"true\" class=\"wp-block-cover__background has-background-dim\"><\/span><div class=\"wp-block-cover__inner-container is-layout-flow wp-block-cover-is-layout-flow\">\n<p class=\"has-text-align-center has-playfair-display-font-family has-x-large-font-size\"><a href=\"https:\/\/bloomila.com\/boissons-2\/\" data-type=\"page\" data-id=\"364\">BOISSONS<\/a><\/p>\n<\/div><\/div>\n\n\n\n<div class=\"wp-block-cover\"><img loading=\"lazy\" decoding=\"async\" width=\"683\" height=\"1024\" class=\"wp-block-cover__image-background wp-image-301\" alt=\"\" src=\"https:\/\/bloomila.com\/wp-content\/uploads\/2025\/06\/image-bol-de-dep-683x1024.png\" data-object-fit=\"cover\" srcset=\"https:\/\/bloomila.com\/wp-content\/uploads\/2025\/06\/image-bol-de-dep-683x1024.png 683w, https:\/\/bloomila.com\/wp-content\/uploads\/2025\/06\/image-bol-de-dep-200x300.png 200w, https:\/\/bloomila.com\/wp-content\/uploads\/2025\/06\/image-bol-de-dep-768x1152.png 768w, https:\/\/bloomila.com\/wp-content\/uploads\/2025\/06\/image-bol-de-dep.png 1024w\" sizes=\"auto, (max-width: 683px) 100vw, 683px\" \/><span aria-hidden=\"true\" class=\"wp-block-cover__background has-background-dim\"><\/span><div class=\"wp-block-cover__inner-container is-layout-flow wp-block-cover-is-layout-flow\">\n<p class=\"has-text-align-center has-playfair-display-font-family has-x-large-font-size\"><a href=\"https:\/\/bloomila.com\/bol-de-dep-3\/\" data-type=\"page\" data-id=\"410\">BOL de D\u00c9P\u2019<\/a><\/p>\n\n\n\n<p class=\"has-text-align-center\">(DEPRESSION)<\/p>\n<\/div><\/div>\n<\/div>\n","protected":false},"excerpt":{"rendered":"","protected":false},"author":1,"featured_media":0,"parent":0,"menu_order":0,"comment_status":"closed","ping_status":"closed","template":"","meta":{"footnotes":""},"class_list":["post-295","page","type-page","status-publish","hentry"],"_links":{"self":[{"href":"https:\/\/bloomila.com\/fr_fr\/wp-json\/wp\/v2\/pages\/295","targetHints":{"allow":["GET"]}}],"collection":[{"href":"https:\/\/bloomila.com\/fr_fr\/wp-json\/wp\/v2\/pages"}],"about":[{"href":"https:\/\/bloomila.com\/fr_fr\/wp-json\/wp\/v2\/types\/page"}],"author":[{"embeddable":true,"href":"https:\/\/bloomila.com\/fr_fr\/wp-json\/wp\/v2\/users\/1"}],"replies":[{"embeddable":true,"href":"https:\/\/bloomila.com\/fr_fr\/wp-json\/wp\/v2\/comments?post=295"}],"version-history":[{"count":26,"href":"https:\/\/bloomila.com\/fr_fr\/wp-json\/wp\/v2\/pages\/295\/revisions"}],"predecessor-version":[{"id":612,"href":"https:\/\/bloomila.com\/fr_fr\/wp-json\/wp\/v2\/pages\/295\/revisions\/612"}],"wp:attachment":[{"href":"https:\/\/bloomila.com\/fr_fr\/wp-json\/wp\/v2\/media?parent=295"}],"curies":[{"name":"wp","href":"https:\/\/api.w.org\/{rel}","templated":true}]}}