{"id":283,"date":"2025-06-04T20:36:34","date_gmt":"2025-06-04T20:36:34","guid":{"rendered":"https:\/\/bloomila.com\/?page_id=283"},"modified":"2025-07-11T14:43:56","modified_gmt":"2025-07-11T14:43:56","slug":"app-rendre-en-savoir-plus","status":"publish","type":"page","link":"https:\/\/bloomila.com\/fr_fr\/app-rendre-en-savoir-plus\/","title":{"rendered":"App-rendre en savoir plus"},"content":{"rendered":"\n<div class=\"wp-block-group alignfull has-global-padding is-layout-constrained wp-container-core-group-is-layout-0c9c989a wp-block-group-is-layout-constrained\" style=\"min-height:0vh;margin-top:0;margin-bottom:0;padding-top:var(--wp--preset--spacing--70);padding-right:var(--wp--preset--spacing--40);padding-bottom:var(--wp--preset--spacing--70);padding-left:var(--wp--preset--spacing--40)\">\n<div class=\"wp-block-group has-global-padding is-layout-constrained wp-container-core-group-is-layout-346627ba wp-block-group-is-layout-constrained\">\n<h2 class=\"wp-block-heading has-text-align-center is-style-text-display has-xx-large-font-size is-style-text-display--1\" style=\"margin-top:0;margin-right:0;margin-bottom:0;margin-left:0;padding-top:0;padding-right:0;padding-bottom:0;padding-left:0;letter-spacing:1px\">Bienvenue dans l&rsquo;espace App-rendre<\/h2>\n\n\n\n<div style=\"height:18px\" aria-hidden=\"true\" class=\"wp-block-spacer\"><\/div>\n\n\n\n<p class=\"has-contrast-color has-text-color has-link-color has-large-font-size wp-elements-55abb541122c3e395868325d2101af49\"><strong>Ce qu&rsquo;on fait ici<\/strong><\/p>\n\n\n\n<p class=\"has-text-align-left is-style-default has-playfair-display-font-family has-medium-font-size\" style=\"margin-top:var(--wp--preset--spacing--20);margin-right:0;margin-bottom:var(--wp--preset--spacing--20);margin-left:0;padding-right:0;padding-left:0;letter-spacing:1px\">App-rendre est un espace de ressources simples pour celles et ceux qui veulent avancer mais sans surcharge.<\/p>\n\n\n\n<p class=\"has-playfair-display-font-family has-medium-font-size\" style=\"margin-top:0;margin-right:0;margin-bottom:0;margin-left:0;padding-right:0;padding-left:0;letter-spacing:1px\">Ici, on ne cherche pas la perfection, ni la performance.<\/p>\n\n\n\n<p class=\"has-playfair-display-font-family has-medium-font-size\" style=\"margin-top:0;margin-right:0;margin-bottom:0;margin-left:0;padding-right:0;padding-left:0;letter-spacing:1px\">On cherche des outils <strong>accessibles, test\u00e9s, concrets<\/strong> pour reprendre un peu de pouvoir sur sa vie, sa clart\u00e9 mentale, et ses choix.<\/p>\n\n\n\n<p class=\"has-text-align-left has-contrast-color has-text-color has-link-color has-playfair-display-font-family wp-elements-6eb7ae4176fb00ea4a844e03a71da723\" style=\"text-decoration:none\"><strong>Ce que tu trouveras dans App-rendre :<\/strong><\/p>\n\n\n\n<ul class=\"wp-block-list\">\n<li class=\"has-medium-font-size\">Des mini-guides \u00e0 lire en 5 minutes<\/li>\n\n\n\n<li class=\"has-medium-font-size\">Des checlists utiles et pas culpabilisantes<\/li>\n\n\n\n<li class=\"has-medium-font-size\">Des pauses audio pour r\u00e9guler ton \u00e9nergie<\/li>\n\n\n\n<li class=\"has-medium-font-size\">Des questions pour d\u00e9bloquer ce qui te freine<\/li>\n<\/ul>\n\n\n\n<p class=\"has-text-align-left has-contrast-color has-text-color has-link-color has-playfair-display-font-family wp-elements-84d7d1f0e665aeb8f4844f6519842113\"><strong>Ce qu&rsquo;on veut construire ( et pourquoi)<\/strong><\/p>\n\n\n\n<p class=\"has-text-align-left has-playfair-display-font-family has-medium-font-size\">Aujourd&rsquo;hui, beaucoup de personnes veulent changer de cap, mais <strong>sans savoir par o\u00f9 commencer.<\/strong><\/p>\n\n\n\n<p class=\"has-text-align-left has-contrast-color has-text-color has-link-color has-playfair-display-font-family wp-elements-c82ec144d8d321777b72494fa0bda24b\">Elles sont :<\/p>\n\n\n\n<ul class=\"wp-block-list\">\n<li class=\"has-medium-font-size\">\u00e9puis\u00e9es par trop d&rsquo;infos contradictoires,<\/li>\n\n\n\n<li class=\"has-medium-font-size\">bloqu\u00e9es entre \u00ab\u00a0je veux me lancer\u00a0\u00bb et \u00ab\u00a0je ne veux pas me bruler\u00a0\u00bb,<\/li>\n\n\n\n<li class=\"has-medium-font-size\">ou noy\u00e9es dans des routines copi\u00e9es mais jamais align\u00e9es \u00e0 leur r\u00e9alit\u00e9.<\/li>\n<\/ul>\n\n\n\n<p class=\"has-contrast-color has-text-color has-link-color wp-elements-fc29ea63aaea8fbcf4971b6434e75a0d\">App-rendre sert \u00e0 \u00e7a:<\/p>\n\n\n\n<p class=\"has-medium-font-size\">\u00e0 cr\u00e9er un <strong>point d&rsquo;appui autonome et respectueux,<\/strong><\/p>\n\n\n\n<p class=\"has-medium-font-size\">o\u00f9 on peut apprendre <strong>sans pression, sans se comparer, <\/strong>et en gardant <strong>son rythme.<\/strong><\/p>\n\n\n\n<p class=\"has-contrast-color has-text-color has-link-color wp-elements-558242a0ed0ecb009eb5a1969d6ed175\"><strong>Ce qui est r\u00e9ellement productif ici<\/strong><\/p>\n\n\n\n<p class=\"has-medium-font-size\">L&rsquo;objectif ici, ce n&rsquo;est pas de \u00ab\u00a0remplir ton temps\u00a0\u00bb.<\/p>\n\n\n\n<p class=\"has-medium-font-size\">C&rsquo;est de t&rsquo;aider \u00e0 faire <strong>moins mais mieux <\/strong>et surtout <strong>\u00e0 ne plus te<\/strong> <strong>perdre <\/strong>dans des outils ou des m\u00e9thodes qui t&rsquo;\u00e9loignent de toi.<\/p>\n\n\n\n<p class=\"has-contrast-color has-text-color has-link-color wp-elements-19921d8d571c965992750c89d2bf7b04\"><strong>Ce qui fonctionne:<\/strong><\/p>\n\n\n\n<ul class=\"wp-block-list\">\n<li class=\"has-medium-font-size\">1 outils \u00e0 la fois<\/li>\n\n\n\n<li class=\"has-medium-font-size\">1 routine test\u00e9e sur 5 jours<\/li>\n\n\n\n<li class=\"has-medium-font-size\">1 email ou audio qui ne d\u00e9clenche pas ta charge mentale<\/li>\n<\/ul>\n\n\n\n<p class=\"has-contrast-color has-text-color has-link-color wp-elements-accbc36d50523fcba77dce34694e24d6\"><strong>Ce qu&rsquo;on ne veut plus:<\/strong><\/p>\n\n\n\n<ul class=\"wp-block-list\">\n<li class=\"has-medium-font-size\">Des injonctions \u00e0 \u00ab\u00a0tout changer maintenant\u00a0\u00bb<\/li>\n\n\n\n<li class=\"has-medium-font-size\">Des plans trop lourds \u00e0 suivre<\/li>\n\n\n\n<li class=\"has-medium-font-size\">Des contenus qui boostent&#8230; mais qui vident<\/li>\n<\/ul>\n\n\n\n<p class=\"has-text-align-left has-contrast-color has-text-color has-link-color has-playfair-display-font-family wp-elements-c00b38f55fff3e12dfa87bc31c67cbc3\"><strong>Le vrai probl\u00e8me: l&rsquo;accompagnement utile n&rsquo;existe pas en version douce<\/strong><\/p>\n\n\n\n<p class=\"has-contrast-color has-text-color has-link-color wp-elements-02a344b4c084168c5961887b5d35adbf\">Beaucoup d&rsquo;accompagnement sont soit :<\/p>\n\n\n\n<ul class=\"wp-block-list\">\n<li class=\"has-medium-font-size\">Trop th\u00e9oriques (belles id\u00e9es, mais inutilisables),<\/li>\n\n\n\n<li class=\"has-medium-font-size\">soit trop industriels (tunnels automatiques sans \u00e2me),<\/li>\n\n\n\n<li class=\"has-medium-font-size\">soit trop co\u00fbteux pour ce qu&rsquo;ils apportent r\u00e9ellement.<\/li>\n<\/ul>\n\n\n\n<div style=\"height:3px\" aria-hidden=\"true\" class=\"wp-block-spacer\"><\/div>\n\n\n\n<p class=\"has-contrast-color has-text-color has-link-color has-medium-font-size wp-elements-7044b48843e3ee663abf4caef6788888\" style=\"line-height:0\">Nous, on veut reconstruire un vrai lien.<\/p>\n\n\n\n<p class=\"has-contrast-color has-text-color has-link-color has-medium-font-size wp-elements-3903cd3b3eb4b5b3c7418fd948d5f4f7\" style=\"line-height:0\">Un accompagnement qui commence par t&rsquo;\u00e9couter,<\/p>\n\n\n\n<p class=\"has-contrast-color has-text-color has-link-color has-medium-font-size wp-elements-6af96a1199181578b1c042f13e02fd26\" style=\"line-height:0\">et qui t&rsquo;\u00e9quipe, <strong>pas qui t&rsquo;\u00e9puise.<\/strong><\/p>\n\n\n\n<div style=\"height:16px\" aria-hidden=\"true\" class=\"wp-block-spacer\"><\/div>\n\n\n\n<p class=\"has-contrast-color has-text-color has-link-color has-large-font-size wp-elements-15de7fcc7362a26c2a1b79d8f7075cfd\"><strong>Et maintenant ? Ce qu&rsquo;on te propose<\/strong><\/p>\n\n\n\n<p><strong>tu veux te d\u00e9brouiller seul-e ?<\/strong><\/p>\n\n\n\n<p class=\"has-medium-font-size\" style=\"line-height:0\">-Commence avec les outils gratuits (checklist, pause, guide)<\/p>\n\n\n\n<div style=\"height:2px\" aria-hidden=\"true\" class=\"wp-block-spacer\"><\/div>\n\n\n\n<p style=\"line-height:0\"><strong>Tu veux \u00eatre accompagn\u00e9-e sans te faire coacher ?<\/strong><\/p>\n\n\n\n<p class=\"has-medium-font-size\" style=\"line-height:1.3\">-Ecris-nous. Explique ta situation. On ne vend rien par d\u00e9faut, on t&rsquo;oriente d&rsquo;abord.<\/p>\n\n\n\n<p style=\"line-height:0.1\"><strong>Tu veux rejoindre un vrai programme construit pour durer ?<\/strong><\/p>\n\n\n\n<p class=\"has-medium-font-size\">-Bloomila+ est en pr\u00e9paration. Pas une m\u00e9thode miracle. un <strong>Cadre humain, strat\u00e9gique, stable.<\/strong><\/p>\n\n\n\n<div style=\"height:31px\" aria-hidden=\"true\" class=\"wp-block-spacer\"><\/div>\n\n\n\n<div class=\"wp-block-buttons is-content-justification-center is-layout-flex wp-container-core-buttons-is-layout-a89b3969 wp-block-buttons-is-layout-flex\">\n<div class=\"wp-block-button\"><a class=\"wp-block-button__link wp-element-button\" href=\"https:\/\/bloomila.com\/fr_fr\/outils-bloomila\/\">D\u00e9couvrir les outils <\/a><\/div>\n\n\n\n<div class=\"wp-block-button\"><a class=\"wp-block-button__link wp-element-button\" href=\"https:\/\/bloomila.com\/wp-content\/uploads\/2025\/05\/Commencer-sans-pression-FR-1.pdf\">je veux qu&rsquo;on m&rsquo;oriente !<\/a><\/div>\n<\/div>\n<\/div>\n<\/div>\n","protected":false},"excerpt":{"rendered":"<p>Bienvenue dans l&rsquo;espace App-rendre Ce qu&rsquo;on fait ici App-rendre est un espace de ressources simples pour celles et ceux qui veulent avancer mais sans surcharge. Ici, on ne cherche pas la perfection, ni la performance. On cherche des outils accessibles, test\u00e9s, concrets pour reprendre un peu de pouvoir sur sa vie, sa clart\u00e9 mentale, et [&hellip;]<\/p>\n","protected":false},"author":1,"featured_media":0,"parent":0,"menu_order":0,"comment_status":"closed","ping_status":"closed","template":"","meta":{"footnotes":""},"class_list":["post-283","page","type-page","status-publish","hentry"],"_links":{"self":[{"href":"https:\/\/bloomila.com\/fr_fr\/wp-json\/wp\/v2\/pages\/283","targetHints":{"allow":["GET"]}}],"collection":[{"href":"https:\/\/bloomila.com\/fr_fr\/wp-json\/wp\/v2\/pages"}],"about":[{"href":"https:\/\/bloomila.com\/fr_fr\/wp-json\/wp\/v2\/types\/page"}],"author":[{"embeddable":true,"href":"https:\/\/bloomila.com\/fr_fr\/wp-json\/wp\/v2\/users\/1"}],"replies":[{"embeddable":true,"href":"https:\/\/bloomila.com\/fr_fr\/wp-json\/wp\/v2\/comments?post=283"}],"version-history":[{"count":4,"href":"https:\/\/bloomila.com\/fr_fr\/wp-json\/wp\/v2\/pages\/283\/revisions"}],"predecessor-version":[{"id":742,"href":"https:\/\/bloomila.com\/fr_fr\/wp-json\/wp\/v2\/pages\/283\/revisions\/742"}],"wp:attachment":[{"href":"https:\/\/bloomila.com\/fr_fr\/wp-json\/wp\/v2\/media?parent=283"}],"curies":[{"name":"wp","href":"https:\/\/api.w.org\/{rel}","templated":true}]}}