{"id":263,"date":"2025-06-04T13:44:54","date_gmt":"2025-06-04T13:44:54","guid":{"rendered":"https:\/\/bloomila.com\/?page_id=263"},"modified":"2025-07-06T09:39:32","modified_gmt":"2025-07-06T09:39:32","slug":"checklist","status":"publish","type":"page","link":"https:\/\/bloomila.com\/fr_fr\/checklist\/","title":{"rendered":"Checklist"},"content":{"rendered":"\n<div class=\"wp-block-group alignwide is-style-default has-background has-global-padding is-layout-constrained wp-container-core-group-is-layout-a307af8a wp-block-group-is-layout-constrained\" style=\"background-color:#f3ebdf;margin-top:0;margin-bottom:0;padding-top:0;padding-right:0;padding-bottom:0;padding-left:0\">\n<div class=\"wp-block-columns alignfull has-background is-layout-flex wp-container-core-columns-is-layout-9c22b1e3 wp-block-columns-is-layout-flex\" style=\"background-color:#f3ebdf\">\n<div class=\"wp-block-column is-layout-flow wp-block-column-is-layout-flow\" style=\"flex-basis:55%\">\n<div style=\"aspect-ratio:1;min-height:unset;\" class=\"wp-block-cover is-light has-aspect-ratio\"><img loading=\"lazy\" decoding=\"async\" width=\"668\" height=\"1024\" class=\"wp-block-cover__image-background wp-image-264 size-full\" alt=\"\" src=\"https:\/\/bloomila.com\/wp-content\/uploads\/2025\/06\/image-checklist-2.png\" data-object-fit=\"cover\" srcset=\"https:\/\/bloomila.com\/wp-content\/uploads\/2025\/06\/image-checklist-2.png 668w, https:\/\/bloomila.com\/wp-content\/uploads\/2025\/06\/image-checklist-2-196x300.png 196w\" sizes=\"auto, (max-width: 668px) 100vw, 668px\" \/><span aria-hidden=\"true\" class=\"wp-block-cover__background has-background-dim-0 has-background-dim\" style=\"background-color:#b5a38c\"><\/span><div class=\"wp-block-cover__inner-container is-layout-flow wp-block-cover-is-layout-flow\">\n<div style=\"height:var(--wp--preset--spacing--20)\" aria-hidden=\"true\" class=\"wp-block-spacer\"><\/div>\n<\/div><\/div>\n<\/div>\n\n\n\n<div class=\"wp-block-column is-vertically-aligned-center is-layout-flow wp-block-column-is-layout-flow\" style=\"padding-top:var(--wp--preset--spacing--60);padding-right:var(--wp--preset--spacing--60);padding-bottom:var(--wp--preset--spacing--60);padding-left:var(--wp--preset--spacing--60)\">\n<h2 class=\"wp-block-heading has-text-align-center has-xx-large-font-size\">Checklist Bloomila<\/h2>\n\n\n\n<p class=\"has-text-align-center\">Pour r\u00e9ussir \u00e0 vivre mieux, pas juste \u00e0 faire plus !<\/p>\n\n\n\n<div style=\"height:47px\" aria-hidden=\"true\" class=\"wp-block-spacer\"><\/div>\n\n\n\n<p class=\"has-medium-font-size\">Tu veux vivre mieux<\/p>\n\n\n\n<p class=\"has-medium-font-size\">Tu veux retrouver ton \u00e9lan sans violence.<\/p>\n\n\n\n<p class=\"has-medium-font-size\">Tu veux avancer sans devoir te justifier.<\/p>\n\n\n\n<div style=\"height:16px\" aria-hidden=\"true\" class=\"wp-block-spacer\"><\/div>\n\n\n\n<p class=\"has-medium-font-size\">Pas de pression ici. Pas de \u00ab\u00a0Tu dois\u00a0\u00bb.<\/p>\n\n\n\n<p class=\"has-text-align-left has-medium-font-size\">Juste une checklist pour t&rsquo;accompagner \u00e0 retrouver ton axe, doucement mais vraiment.<\/p>\n<\/div>\n<\/div>\n\n\n\n<div style=\"height:34px;width:0px\" aria-hidden=\"true\" class=\"wp-block-spacer\"><\/div>\n\n\n\n<h3 class=\"wp-block-heading has-text-color has-link-color wp-elements-bf9a7cde301cbf0a5acd116693a6fa99\" style=\"color:#052115\"><strong>1. Je me regarde en face (sans me juger)<\/strong><\/h3>\n\n\n\n<p>\u2610 Est-ce que je m\u2019autorise \u00e0 dire : \u201cL\u00e0, je suis fatigu\u00e9\u00b7e.\u201d ?<\/p>\n\n\n\n<p>\u2610 Est-ce que je ressens un vrai besoin de changement, ou une obligation ?<\/p>\n\n\n\n<p>\u2610 Est-ce que je m\u2019autorise \u00e0 commencer sans \u00eatre pr\u00eat\u00b7e, juste pour essayer ?<\/p>\n\n\n\n<hr class=\"wp-block-separator has-alpha-channel-opacity\"\/>\n\n\n\n<div style=\"height:21px;width:0px\" aria-hidden=\"true\" class=\"wp-block-spacer\"><\/div>\n\n\n\n<h3 class=\"wp-block-heading\"><strong>2. Je redonne du sens \u00e0 ce que je fais<\/strong><\/h3>\n\n\n\n<p>\u2610 Est-ce que je fais encore des choses juste parce qu\u2019on attend \u00e7a de moi ?<\/p>\n\n\n\n<p>\u2610 Est-ce que j\u2019ai clarifi\u00e9 ce que <strong>moi<\/strong>, j\u2019ai envie de ressentir dans ma vie ?<\/p>\n\n\n\n<p>\u2610 Est-ce que je peux \u00e9crire 1 seule chose que je veux vivre cette semaine ?<\/p>\n\n\n\n<hr class=\"wp-block-separator has-alpha-channel-opacity\"\/>\n\n\n\n<div style=\"height:22px;width:0px\" aria-hidden=\"true\" class=\"wp-block-spacer\"><\/div>\n\n\n\n<h3 class=\"wp-block-heading\"><strong>&nbsp;3. Je simplifie. Radicalement.<\/strong><\/h3>\n\n\n\n<p>\u2610 Est-ce que je garde des choses qui me vident au lieu de me nourrir ?<\/p>\n\n\n\n<p>\u2610 Est-ce que je crois encore que \u201cfaire plus\u201d me sauvera ?<\/p>\n\n\n\n<p>\u2610 Est-ce que je peux choisir <strong>1 seul outil, 1 seule t\u00e2che, 1 seule priorit\u00e9<\/strong> pour avancer ?<\/p>\n\n\n\n<hr class=\"wp-block-separator has-alpha-channel-opacity\"\/>\n\n\n\n<div style=\"height:19px;width:0px\" aria-hidden=\"true\" class=\"wp-block-spacer\"><\/div>\n\n\n\n<h3 class=\"wp-block-heading\"><strong>&nbsp;4. Je me reconnecte \u00e0 moi (en vrai)<\/strong><\/h3>\n\n\n\n<p>\u2610 Est-ce que j\u2019ai pris 3 minutes sans \u00e9cran, sans objectif, juste pour \u00eatre ?<\/p>\n\n\n\n<p>\u2610 Est-ce que j\u2019ai ressenti quelque chose aujourd\u2019hui que je n\u2019ai pas fui ?<\/p>\n\n\n\n<p>\u2610 Est-ce que j\u2019ai parl\u00e9 \u00e0 quelqu\u2019un (ou \u00e0 moi-m\u00eame) avec sinc\u00e9rit\u00e9 ?<\/p>\n\n\n\n<hr class=\"wp-block-separator has-alpha-channel-opacity\"\/>\n\n\n\n<div style=\"height:20px;width:0px\" aria-hidden=\"true\" class=\"wp-block-spacer\"><\/div>\n\n\n\n<h3 class=\"wp-block-heading\"><strong>5. Je choisis ma suite (pas celle des autres)<\/strong><\/h3>\n\n\n\n<p>\u2610 Est-ce que je sens que je peux demander de l\u2019aide, ou au moins \u00eatre accompagn\u00e9\u00b7e ?<\/p>\n\n\n\n<p>\u2610 Est-ce que je me rappelle que je ne suis pas en retard \u2014 juste en chemin ?<\/p>\n\n\n\n<p>\u2610 Est-ce que je veux poser un petit pas maintenant, m\u00eame si ce n\u2019est pas le bon moment ?<\/p>\n\n\n\n<div style=\"height:25px\" aria-hidden=\"true\" class=\"wp-block-spacer\"><\/div>\n\n\n\n<p class=\"has-contrast-color has-text-color has-link-color wp-elements-ac0fd75fa602cd0661ed386828f4b699\" style=\"letter-spacing:1px\">Tu peux tout cocher. Ou rien.<\/p>\n\n\n\n<p class=\"has-contrast-color has-text-color has-link-color wp-elements-2f0d2e30cfe109986845e9d0802c604f\" style=\"letter-spacing:1px\">Tu peux commencer maintenant. Ou plus tard.<\/p>\n\n\n\n<p class=\"has-contrast-color has-text-color has-link-color wp-elements-e215b6411ee5ecb2fb19daaa8b651ac2\" style=\"letter-spacing:1px\">Mais si tu t&rsquo;es reconnu-e dans une ligne.<\/p>\n\n\n\n<div style=\"height:23px\" aria-hidden=\"true\" class=\"wp-block-spacer\"><\/div>\n\n\n\n<p class=\"has-contrast-color has-text-color has-link-color wp-elements-a8d85f4ac5bf994e54e8d7246289c6a8\"><strong>Alors tu as d\u00e9j\u00e0 fait un pas. Et c&rsquo;est comme \u00e7a que la r\u00e9ussite d\u00e9marre.<\/strong><\/p>\n<\/div>\n\n\n\n<div style=\"height:17px\" aria-hidden=\"true\" class=\"wp-block-spacer\"><\/div>\n\n\n\n<aside class=\"wp-block-group alignfull is-style-section-1 has-background has-global-padding is-content-justification-center is-layout-constrained wp-container-core-group-is-layout-21aeec37 wp-block-group-is-layout-constrained is-style-section-1--1\" style=\"background:linear-gradient(135deg,rgb(253,252,249) 0%,rgb(231,219,201) 100%);margin-top:0;margin-bottom:0;padding-top:0;padding-right:0;padding-bottom:0;padding-left:0\">\n<div class=\"wp-block-group alignfull is-vertical is-content-justification-stretch is-layout-flex wp-container-core-group-is-layout-9a43626d wp-block-group-is-layout-flex\" style=\"min-height:360px;margin-top:0;margin-bottom:0\">\n<h2 class=\"wp-block-heading has-text-align-center has-background has-x-large-font-size\" style=\"background:linear-gradient(135deg,rgb(253,252,249) 1%,rgb(231,219,201) 100%)\">Et si tu ne voulais pas tout faire seul-e.<\/h2>\n\n\n\n<p class=\"has-text-align-center is-style-text-subtitle has-background has-large-font-size is-style-text-subtitle--2\" style=\"background:linear-gradient(135deg,rgb(253,252,249) 0%,rgb(231,219,201) 100%)\">Tu as lu. Tu as coch\u00e9. Peut-\u00eatre que tu sens que quelque chose peut vraiment  changer. <\/p>\n\n\n\n<p class=\"has-text-align-center is-style-text-subtitle has-background has-large-font-size wp-container-content-9cfa9a5a is-style-text-subtitle--3\" style=\"background:linear-gradient(135deg,rgb(253,252,249) 1%,rgb(231,219,201) 100%)\">Mais parfois, ce qui manque&#8230; c&rsquo;est pas un plan. C&rsquo;est un point d&rsquo;appui humain. <\/p>\n\n\n\n<p class=\"has-text-align-center is-style-text-subtitle has-background has-large-font-size wp-container-content-9cfa9a5a is-style-text-subtitle--4\" style=\"background:linear-gradient(135deg,rgb(253,252,249) 0%,rgb(231,219,201) 100%)\">Je ne te propose pas un miracle.<\/p>\n\n\n\n<p class=\"has-text-align-center is-style-text-subtitle has-background has-large-font-size wp-container-content-9cfa9a5a is-style-text-subtitle--5\" style=\"background:linear-gradient(135deg,rgb(253,252,249) 0%,rgb(231,219,201) 100%)\"> je te propose une vraie conversation. <\/p>\n\n\n\n<p class=\"has-text-align-center is-style-text-subtitle has-background has-large-font-size wp-container-content-9cfa9a5a is-style-text-subtitle--6\" style=\"background:linear-gradient(135deg,rgb(253,252,249) 0%,rgb(231,219,201) 100%)\">Tu veux qu&rsquo;on en parle, tranquillement ?<\/p>\n\n\n\n<div class=\"wp-block-buttons has-background is-content-justification-center is-layout-flex wp-container-core-buttons-is-layout-a89b3969 wp-block-buttons-is-layout-flex\" style=\"background:linear-gradient(135deg,rgb(253,252,249) 0%,rgb(231,219,201) 100%)\">\n<div class=\"wp-block-button\"><a class=\"wp-block-button__link has-text-align-center wp-element-button\" href=\"https:\/\/www.bloomila.com\/100c34cd\">Viens, on en parle<\/a><\/div>\n<\/div>\n<\/div>\n<\/aside>\n\n\n\n<div style=\"height:0px\" aria-hidden=\"true\" class=\"wp-block-spacer\"><\/div>\n","protected":false},"excerpt":{"rendered":"<p>Checklist Bloomila Pour r\u00e9ussir \u00e0 vivre mieux, pas juste \u00e0 faire plus ! Tu veux vivre mieux Tu veux retrouver ton \u00e9lan sans violence. Tu veux avancer sans devoir te justifier. Pas de pression ici. Pas de \u00ab\u00a0Tu dois\u00a0\u00bb. Juste une checklist pour t&rsquo;accompagner \u00e0 retrouver ton axe, doucement mais vraiment. 1. Je me regarde [&hellip;]<\/p>\n","protected":false},"author":1,"featured_media":0,"parent":0,"menu_order":0,"comment_status":"closed","ping_status":"closed","template":"","meta":{"footnotes":""},"class_list":["post-263","page","type-page","status-publish","hentry"],"_links":{"self":[{"href":"https:\/\/bloomila.com\/fr_fr\/wp-json\/wp\/v2\/pages\/263","targetHints":{"allow":["GET"]}}],"collection":[{"href":"https:\/\/bloomila.com\/fr_fr\/wp-json\/wp\/v2\/pages"}],"about":[{"href":"https:\/\/bloomila.com\/fr_fr\/wp-json\/wp\/v2\/types\/page"}],"author":[{"embeddable":true,"href":"https:\/\/bloomila.com\/fr_fr\/wp-json\/wp\/v2\/users\/1"}],"replies":[{"embeddable":true,"href":"https:\/\/bloomila.com\/fr_fr\/wp-json\/wp\/v2\/comments?post=263"}],"version-history":[{"count":8,"href":"https:\/\/bloomila.com\/fr_fr\/wp-json\/wp\/v2\/pages\/263\/revisions"}],"predecessor-version":[{"id":532,"href":"https:\/\/bloomila.com\/fr_fr\/wp-json\/wp\/v2\/pages\/263\/revisions\/532"}],"wp:attachment":[{"href":"https:\/\/bloomila.com\/fr_fr\/wp-json\/wp\/v2\/media?parent=263"}],"curies":[{"name":"wp","href":"https:\/\/api.w.org\/{rel}","templated":true}]}}