{"id":535,"date":"2025-07-06T15:59:45","date_gmt":"2025-07-06T15:59:45","guid":{"rendered":"https:\/\/bloomila.com\/?page_id=535"},"modified":"2025-07-11T15:20:47","modified_gmt":"2025-07-11T15:20:47","slug":"outils-bloomila","status":"publish","type":"page","link":"https:\/\/bloomila.com\/en\/outils-bloomila\/","title":{"rendered":"outils bloomila"},"content":{"rendered":"<div class=\"wp-block-group alignfull has-global-padding is-layout-constrained wp-block-group-is-layout-constrained\" style=\"margin-top:0;margin-bottom:0;padding-top:var(--wp--preset--spacing--50);padding-bottom:var(--wp--preset--spacing--50)\">\n<div class=\"wp-block-columns alignwide is-layout-flex wp-container-core-columns-is-layout-47c06fe3 wp-block-columns-is-layout-flex\">\n<div class=\"wp-block-column is-layout-flow wp-block-column-is-layout-flow\" style=\"flex-basis:56%\">\n<figure class=\"wp-block-image size-full\"><img loading=\"lazy\" decoding=\"async\" width=\"1024\" height=\"1536\" src=\"https:\/\/bloomila.com\/wp-content\/uploads\/2025\/07\/ChatGPT-Image-8-juil.-2025-16_15_56.png\" alt=\"\" class=\"wp-image-188\" srcset=\"https:\/\/bloomila.com\/wp-content\/uploads\/2025\/07\/ChatGPT-Image-8-juil.-2025-16_15_56.png 1024w, https:\/\/bloomila.com\/wp-content\/uploads\/2025\/07\/ChatGPT-Image-8-juil.-2025-16_15_56-200x300.png 200w, https:\/\/bloomila.com\/wp-content\/uploads\/2025\/07\/ChatGPT-Image-8-juil.-2025-16_15_56-683x1024.png 683w\" sizes=\"auto, (max-width: 1024px) 100vw, 1024px\" \/><\/figure>\n<\/div>\n\n\n\n<div class=\"wp-block-column is-vertically-aligned-center is-layout-flow wp-container-core-column-is-layout-119bc444 wp-block-column-is-layout-flow\">\n<h2 class=\"wp-block-heading\">Bloomila is based on simple but powerful tools:<\/h2>\n\n\n\n<p>A web host, an email manager, a visual tool, an organizational app...<\/p>\n\n\n\n<p>I chose them for their efficiency, their simplicity and because they help to build this project without exhausting me.<\/p>\n\n\n\n<p>I use them every week to create, organize, automate, or just keep things clear.<\/p>\n\n\n\n<p>Here, I share them with you in complete transparency. No hidden advertising, no miracle promises.<\/p>\n\n\n\n<p>Maybe they will help you too... at your own pace, according to your project, or just to help you see things more clearly.<\/p>\n<\/div>\n<\/div>\n\n\n\n<p><\/p>\n\n\n\n<h2 class=\"wp-block-heading\"><strong>HOSTINGER-Host of the Bloomila website<\/strong><\/h2>\n\n\n\n<p class=\"translation-block\">I chose <strong>Hostinger<\/strong> to host the site <strong>Bloomila.com<\/strong>;<\/p>\n\n\n\n<p>Why? Because it\u2019s simple, fast, reliable, and affordable\u2014everything you need when you want to create a website without getting lost in the technical details.<\/p>\n\n\n\n<p><strong>What I like:<\/strong><\/p>\n\n\n\n<ul class=\"wp-block-list\">\n<li>Easy installation in just a few clicks<\/li>\n\n\n\n<li>Free SSL certificate included<\/li>\n\n\n\n<li>Clear interface and 24\/7 support<\/li>\n\n\n\n<li>Suitable for beginners and independent creators alike<\/li>\n\n\n\n<li>Good loading speed for a light and fluid site<\/li>\n<\/ul>\n\n\n\n<hr class=\"wp-block-separator has-alpha-channel-opacity\"\/>\n\n\n\n<p class=\"translation-block\"><img role=\"img\"> <em>A step-by-step guide to installing your site with Hostinger will be available soon on Bloomila<\/em> +.<\/p>\n\n\n\n<p><\/p>\n\n\n\n<h2 class=\"wp-block-heading\"><strong>SYSTEME.IO- To send morning letters<\/strong><\/h2>\n\n\n\n<p class=\"translation-block\">Systeme.io is the platform I use to <strong>automate Bloomila emails<\/strong>, including sending the <strong>Morning Letters<\/strong> that you may already receive.<\/p>\n\n\n\n<p>It\u2019s simple, seamless, and most importantly, free for up to 2,000 contacts\u2014ideal for getting started without pressure.<\/p>\n\n\n\n<hr class=\"wp-block-separator has-alpha-channel-opacity\"\/>\n\n\n\n<p> <strong>Why I chose it:<\/strong><\/p>\n\n\n\n<ul class=\"wp-block-list\">\n<li>You can create email tunnels without coding<\/li>\n\n\n\n<li>Intuitive interface (and available in English)<\/li>\n\n\n\n<li>You connect your domain name (like bloomila.com) very easily<\/li>\n\n\n\n<li>You can also create pages, forms, sell products, etc.<\/li>\n\n\n\n<li>Everything is centralized in one place<\/li>\n<\/ul>\n\n\n\n<hr class=\"wp-block-separator has-alpha-channel-opacity\"\/>\n\n\n\n<p class=\"translation-block\">I'm preparing a complete tutorial \u201cHow to automate your emails with Systeme.io\u201d \u2013 soon available in Bloomila+.<\/em><\/p>\n\n\n\n<p><\/p>\n\n\n\n<h3 class=\"wp-block-heading\"><strong>Canva \u2013 Bloomila\u2019s visual workshop<\/strong><\/h3>\n\n\n\n<p class=\"translation-block\">All the visuals you see here\u2014the maps, banners, guides, covers, and more\u2014are created on <strong>Canva<\/strong>.<\/p>\n\n\n\n<p class=\"translation-block\">This is the tool I use <strong>every week<\/strong> to build Bloomila's visual universe without needing to be a graphic designer. You can do the same, easily.<\/p>\n<\/div>\n\n\n\n<hr class=\"wp-block-separator has-alpha-channel-opacity\"\/>\n\n\n\n<p><strong>Why I use it:<\/strong><\/p>\n\n\n\n<ul class=\"wp-block-list\">\n<li>Thousands of templates ready to customize<\/li>\n\n\n\n<li>Possibility of adding your charter (colors, typography, logo)<\/li>\n\n\n\n<li>Super handy for creating an Insta post, PDF or visual web page<\/li>\n\n\n\n<li>You can save all your designs in clear folders<\/li>\n\n\n\n<li>And even work in a team if necessary<\/li>\n<\/ul>\n\n\n\n<hr class=\"wp-block-separator has-alpha-channel-opacity\"\/>\n\n\n\n<p class=\"translation-block\">If you want to learn how to create a harmonious Bloomila visual (color, format, consistency), the complete guide is reserved for Bloomila+ members.<\/em><\/p>\n\n\n\n<p><\/p>\n\n\n\n<h3 class=\"wp-block-heading\"><strong>WordPress \u2013 The heart of my Bloomila site<\/strong><\/h3>\n\n\n\n<p class=\"translation-block\">Bloomila is built entirely with <strong>WordPress<\/strong>, a tool I chose for its <strong>flexibility<\/strong>, its <strong>stability<\/strong>, and its ability to evolve with my ideas.<\/p>\n\n\n\n<p>Even if you're not a developer, you can create a vibrant, aesthetically pleasing, and clear website using the WordPress editor.<\/p>\n\n\n\n<hr class=\"wp-block-separator has-alpha-channel-opacity\"\/>\n\n\n\n<p><strong>Why I use it:<\/strong><\/p>\n\n\n\n<ul class=\"wp-block-list\">\n<li>It's free, open source, and used worldwide<\/li>\n\n\n\n<li>I can create my pages easily with blocks (text, image, button, etc.)<\/li>\n\n\n\n<li>There are thousands of themes and extensions if I want to go further<\/li>\n\n\n\n<li>There are thousands of themes and extensions if I want to go further<\/li>\n<\/ul>\n\n\n\n<hr class=\"wp-block-separator has-alpha-channel-opacity\"\/>\n\n\n\n<p class=\"translation-block\">If you want to learn how to create your first page with WordPress without getting lost, the Bloomila+ guide will explain everything to you, step by step.<\/em><\/p>","protected":false},"excerpt":{"rendered":"<p>Bloomila repose sur des outils simples mais puissants: Un h\u00e9bergeur, un gestionnaire d&rsquo;e-mails, un outil visuel, une app d&rsquo;organisation&#8230;&#8230; Je les ai choisis pour leur efficacit\u00e9, leur simplicit\u00e9 et parce qu&rsquo;ils aident \u00e0 construire ce projet sans m&rsquo;\u00e9puiser. Je les utilise chaque semaine pour cr\u00e9er, organiser, automatiser ou juste garder de la clart\u00e9. Ici, je [&hellip;]<\/p>\n","protected":false},"author":1,"featured_media":0,"parent":0,"menu_order":0,"comment_status":"closed","ping_status":"closed","template":"","meta":{"footnotes":""},"class_list":["post-535","page","type-page","status-publish","hentry"],"_links":{"self":[{"href":"https:\/\/bloomila.com\/en\/wp-json\/wp\/v2\/pages\/535","targetHints":{"allow":["GET"]}}],"collection":[{"href":"https:\/\/bloomila.com\/en\/wp-json\/wp\/v2\/pages"}],"about":[{"href":"https:\/\/bloomila.com\/en\/wp-json\/wp\/v2\/types\/page"}],"author":[{"embeddable":true,"href":"https:\/\/bloomila.com\/en\/wp-json\/wp\/v2\/users\/1"}],"replies":[{"embeddable":true,"href":"https:\/\/bloomila.com\/en\/wp-json\/wp\/v2\/comments?post=535"}],"version-history":[{"count":4,"href":"https:\/\/bloomila.com\/en\/wp-json\/wp\/v2\/pages\/535\/revisions"}],"predecessor-version":[{"id":752,"href":"https:\/\/bloomila.com\/en\/wp-json\/wp\/v2\/pages\/535\/revisions\/752"}],"wp:attachment":[{"href":"https:\/\/bloomila.com\/en\/wp-json\/wp\/v2\/media?parent=535"}],"curies":[{"name":"wp","href":"https:\/\/api.w.org\/{rel}","templated":true}]}}