{"id":381,"date":"2025-06-12T22:39:48","date_gmt":"2025-06-12T22:39:48","guid":{"rendered":"https:\/\/bloomila.com\/?page_id=381"},"modified":"2025-07-09T13:34:04","modified_gmt":"2025-07-09T13:34:04","slug":"collations-2","status":"publish","type":"page","link":"https:\/\/bloomila.com\/en\/collations-2\/","title":{"rendered":"collations"},"content":{"rendered":"<div class=\"wp-block-group alignfull has-global-padding is-layout-constrained wp-block-group-is-layout-constrained\" style=\"margin-top:0;margin-bottom:0;padding-top:var(--wp--preset--spacing--50);padding-bottom:var(--wp--preset--spacing--50)\">\n<div class=\"wp-block-columns alignwide is-layout-flex wp-container-core-columns-is-layout-47c06fe3 wp-block-columns-is-layout-flex\">\n<div class=\"wp-block-column is-layout-flow wp-block-column-is-layout-flow\" style=\"flex-basis:56%\">\n<figure class=\"wp-block-image size-full\"><img loading=\"lazy\" decoding=\"async\" width=\"1024\" height=\"1024\" src=\"https:\/\/bloomila.com\/wp-content\/uploads\/2025\/07\/ChatGPT-Image-8-juil.-2025-18_43_07.png\" alt=\"\" class=\"wp-image-434\" srcset=\"https:\/\/bloomila.com\/wp-content\/uploads\/2025\/07\/ChatGPT-Image-8-juil.-2025-18_43_07.png 1024w, https:\/\/bloomila.com\/wp-content\/uploads\/2025\/07\/ChatGPT-Image-8-juil.-2025-18_43_07-300x300.png 300w, https:\/\/bloomila.com\/wp-content\/uploads\/2025\/07\/ChatGPT-Image-8-juil.-2025-18_43_07-150x150.png 150w, https:\/\/bloomila.com\/wp-content\/uploads\/2025\/07\/ChatGPT-Image-8-juil.-2025-18_43_07-768x768.png 768w, https:\/\/bloomila.com\/wp-content\/uploads\/2025\/07\/ChatGPT-Image-8-juil.-2025-18_43_07-12x12.png 12w\" sizes=\"auto, (max-width: 1024px) 100vw, 1024px\" \/><\/figure>\n<\/div>\n\n\n\n<div class=\"wp-block-column is-vertically-aligned-center is-layout-flow wp-container-core-column-is-layout-119bc444 wp-block-column-is-layout-flow\">\n<h2 class=\"wp-block-heading\">Bloomila Snacks<\/h2>\n\n\n\n<p><strong> Calm Snacks<\/strong><\/p>\n\n\n\n<p><em>For those moments between thoughts, when your stomach speaks louder than your head.<\/em><\/p>\n\n\n\n<blockquote class=\"wp-block-quote is-layout-flow wp-block-quote-is-layout-flow\">\n<p>Here you will find little recipes that are both simple and sincere.<\/p>\n<\/blockquote>\n\n\n\n<blockquote class=\"wp-block-quote is-layout-flow wp-block-quote-is-layout-flow\">\n<p>Not to last until dinner, but to last... period.<\/p>\n<\/blockquote>\n\n\n\n<blockquote class=\"wp-block-quote is-layout-flow wp-block-quote-is-layout-flow\">\n<p>Some are healthy, others are emotional. They all have a little something to offer you.<\/p>\n<\/blockquote>\n\n\n\n<div class=\"wp-block-buttons is-layout-flex wp-block-buttons-is-layout-flex\">\n<div class=\"wp-block-button\"><a class=\"wp-block-button__link wp-element-button\">Send me a picture of your Art!<\/a><\/div>\n<\/div>\n<\/div>\n<\/div>\n<\/div>\n\n\n\n<div class=\"wp-block-group alignfull has-global-padding is-layout-constrained wp-block-group-is-layout-constrained\" style=\"margin-top:0;margin-bottom:0;padding-top:var(--wp--preset--spacing--50);padding-bottom:var(--wp--preset--spacing--50)\">\n<div class=\"wp-block-group alignwide is-layout-grid wp-container-core-group-is-layout-21f393a4 wp-block-group-is-layout-grid\">\n<figure class=\"wp-block-image size-full\"><a href=\"https:\/\/bloomila.com\/wp-content\/uploads\/2025\/07\/Capture-decran-2025-07-09-140215.pdf\"><img loading=\"lazy\" decoding=\"async\" width=\"1024\" height=\"1536\" src=\"https:\/\/bloomila.com\/wp-content\/uploads\/2025\/07\/ChatGPT-Image-9-juil.-2025-14_08_33.png\" alt=\"\" class=\"wp-image-424\" style=\"object-fit:cover\" srcset=\"https:\/\/bloomila.com\/wp-content\/uploads\/2025\/07\/ChatGPT-Image-9-juil.-2025-14_08_33.png 1024w, https:\/\/bloomila.com\/wp-content\/uploads\/2025\/07\/ChatGPT-Image-9-juil.-2025-14_08_33-200x300.png 200w, https:\/\/bloomila.com\/wp-content\/uploads\/2025\/07\/ChatGPT-Image-9-juil.-2025-14_08_33-683x1024.png 683w, https:\/\/bloomila.com\/wp-content\/uploads\/2025\/07\/ChatGPT-Image-9-juil.-2025-14_08_33-768x1152.png 768w, https:\/\/bloomila.com\/wp-content\/uploads\/2025\/07\/ChatGPT-Image-9-juil.-2025-14_08_33-8x12.png 8w\" sizes=\"auto, (max-width: 1024px) 100vw, 1024px\" \/><\/a><\/figure>\n\n\n\n<figure class=\"wp-block-image size-full\"><a href=\"https:\/\/bloomila.com\/wp-content\/uploads\/2025\/07\/ChatGPT-Image-9-juil.-2025-15_38_46.pdf\"><img loading=\"lazy\" decoding=\"async\" width=\"1024\" height=\"1536\" src=\"https:\/\/bloomila.com\/wp-content\/uploads\/2025\/07\/ChatGPT-Image-9-juil.-2025-15_35_39.png\" alt=\"\" class=\"wp-image-422\" style=\"object-fit:cover\" srcset=\"https:\/\/bloomila.com\/wp-content\/uploads\/2025\/07\/ChatGPT-Image-9-juil.-2025-15_35_39.png 1024w, https:\/\/bloomila.com\/wp-content\/uploads\/2025\/07\/ChatGPT-Image-9-juil.-2025-15_35_39-200x300.png 200w, https:\/\/bloomila.com\/wp-content\/uploads\/2025\/07\/ChatGPT-Image-9-juil.-2025-15_35_39-683x1024.png 683w, https:\/\/bloomila.com\/wp-content\/uploads\/2025\/07\/ChatGPT-Image-9-juil.-2025-15_35_39-768x1152.png 768w, https:\/\/bloomila.com\/wp-content\/uploads\/2025\/07\/ChatGPT-Image-9-juil.-2025-15_35_39-8x12.png 8w\" sizes=\"auto, (max-width: 1024px) 100vw, 1024px\" \/><\/a><\/figure>\n\n\n\n<figure class=\"wp-block-image size-full\"><img loading=\"lazy\" decoding=\"async\" width=\"1024\" height=\"1536\" src=\"https:\/\/bloomila.com\/wp-content\/uploads\/2025\/07\/005c7d90-b938-4960-9d31-c760d748be3d-1.png\" alt=\"\" class=\"wp-image-324\" style=\"object-fit:cover\" srcset=\"https:\/\/bloomila.com\/wp-content\/uploads\/2025\/07\/005c7d90-b938-4960-9d31-c760d748be3d-1.png 1024w, https:\/\/bloomila.com\/wp-content\/uploads\/2025\/07\/005c7d90-b938-4960-9d31-c760d748be3d-1-200x300.png 200w\" sizes=\"auto, (max-width: 1024px) 100vw, 1024px\" \/><\/figure>\n\n\n\n<figure class=\"wp-block-image size-full\"><img loading=\"lazy\" decoding=\"async\" width=\"1024\" height=\"1536\" src=\"https:\/\/bloomila.com\/wp-content\/uploads\/2025\/07\/005c7d90-b938-4960-9d31-c760d748be3d-1.png\" alt=\"\" class=\"wp-image-324\" style=\"object-fit:cover\" srcset=\"https:\/\/bloomila.com\/wp-content\/uploads\/2025\/07\/005c7d90-b938-4960-9d31-c760d748be3d-1.png 1024w, https:\/\/bloomila.com\/wp-content\/uploads\/2025\/07\/005c7d90-b938-4960-9d31-c760d748be3d-1-200x300.png 200w\" sizes=\"auto, (max-width: 1024px) 100vw, 1024px\" \/><\/figure>\n\n\n\n<figure class=\"wp-block-image size-full\"><img loading=\"lazy\" decoding=\"async\" width=\"1024\" height=\"1536\" src=\"https:\/\/bloomila.com\/wp-content\/uploads\/2025\/07\/005c7d90-b938-4960-9d31-c760d748be3d-1.png\" alt=\"\" class=\"wp-image-324\" style=\"object-fit:cover\" srcset=\"https:\/\/bloomila.com\/wp-content\/uploads\/2025\/07\/005c7d90-b938-4960-9d31-c760d748be3d-1.png 1024w, https:\/\/bloomila.com\/wp-content\/uploads\/2025\/07\/005c7d90-b938-4960-9d31-c760d748be3d-1-200x300.png 200w\" sizes=\"auto, (max-width: 1024px) 100vw, 1024px\" \/><\/figure>\n\n\n\n<figure class=\"wp-block-image size-full\"><img loading=\"lazy\" decoding=\"async\" width=\"1024\" height=\"1536\" src=\"https:\/\/bloomila.com\/wp-content\/uploads\/2025\/07\/005c7d90-b938-4960-9d31-c760d748be3d-1.png\" alt=\"\" class=\"wp-image-324\" style=\"object-fit:cover\" srcset=\"https:\/\/bloomila.com\/wp-content\/uploads\/2025\/07\/005c7d90-b938-4960-9d31-c760d748be3d-1.png 1024w, https:\/\/bloomila.com\/wp-content\/uploads\/2025\/07\/005c7d90-b938-4960-9d31-c760d748be3d-1-200x300.png 200w\" sizes=\"auto, (max-width: 1024px) 100vw, 1024px\" \/><\/figure>\n\n\n\n<figure class=\"wp-block-image size-full\"><img loading=\"lazy\" decoding=\"async\" width=\"1024\" height=\"1536\" src=\"https:\/\/bloomila.com\/wp-content\/uploads\/2025\/07\/005c7d90-b938-4960-9d31-c760d748be3d-1.png\" alt=\"\" class=\"wp-image-324\" style=\"object-fit:cover\" srcset=\"https:\/\/bloomila.com\/wp-content\/uploads\/2025\/07\/005c7d90-b938-4960-9d31-c760d748be3d-1.png 1024w, https:\/\/bloomila.com\/wp-content\/uploads\/2025\/07\/005c7d90-b938-4960-9d31-c760d748be3d-1-200x300.png 200w\" sizes=\"auto, (max-width: 1024px) 100vw, 1024px\" \/><\/figure>\n\n\n\n<figure class=\"wp-block-image size-full\"><img loading=\"lazy\" decoding=\"async\" width=\"1024\" height=\"1536\" src=\"https:\/\/bloomila.com\/wp-content\/uploads\/2025\/07\/005c7d90-b938-4960-9d31-c760d748be3d-1.png\" alt=\"\" class=\"wp-image-324\" srcset=\"https:\/\/bloomila.com\/wp-content\/uploads\/2025\/07\/005c7d90-b938-4960-9d31-c760d748be3d-1.png 1024w, https:\/\/bloomila.com\/wp-content\/uploads\/2025\/07\/005c7d90-b938-4960-9d31-c760d748be3d-1-200x300.png 200w\" sizes=\"auto, (max-width: 1024px) 100vw, 1024px\" \/><\/figure>\n<\/div>\n<\/div>","protected":false},"excerpt":{"rendered":"<p>Collations de Bloomila Collations du Calme Pour ces moments entre deux pens\u00e9es, quand ton ventre parle plus fort que ta t\u00eate. Tu trouveras ici des petites recettes \u00e0 la fois simples et sinc\u00e8res. Pas pour tenir jusqu\u2019au d\u00eener, mais pour tenir\u2026 tout court. Certaines sont saines, d\u2019autres sont \u00e9motionnelles. Toutes ont un petit quelque chose [&hellip;]<\/p>\n","protected":false},"author":1,"featured_media":0,"parent":0,"menu_order":0,"comment_status":"closed","ping_status":"closed","template":"","meta":{"footnotes":""},"class_list":["post-381","page","type-page","status-publish","hentry"],"_links":{"self":[{"href":"https:\/\/bloomila.com\/en\/wp-json\/wp\/v2\/pages\/381","targetHints":{"allow":["GET"]}}],"collection":[{"href":"https:\/\/bloomila.com\/en\/wp-json\/wp\/v2\/pages"}],"about":[{"href":"https:\/\/bloomila.com\/en\/wp-json\/wp\/v2\/types\/page"}],"author":[{"embeddable":true,"href":"https:\/\/bloomila.com\/en\/wp-json\/wp\/v2\/users\/1"}],"replies":[{"embeddable":true,"href":"https:\/\/bloomila.com\/en\/wp-json\/wp\/v2\/comments?post=381"}],"version-history":[{"count":7,"href":"https:\/\/bloomila.com\/en\/wp-json\/wp\/v2\/pages\/381\/revisions"}],"predecessor-version":[{"id":720,"href":"https:\/\/bloomila.com\/en\/wp-json\/wp\/v2\/pages\/381\/revisions\/720"}],"wp:attachment":[{"href":"https:\/\/bloomila.com\/en\/wp-json\/wp\/v2\/media?parent=381"}],"curies":[{"name":"wp","href":"https:\/\/api.w.org\/{rel}","templated":true}]}}