{"id":379,"date":"2025-06-12T22:40:40","date_gmt":"2025-06-12T22:40:40","guid":{"rendered":"https:\/\/bloomila.com\/?page_id=379"},"modified":"2025-11-25T14:47:57","modified_gmt":"2025-11-25T14:47:57","slug":"diner-2","status":"publish","type":"page","link":"https:\/\/bloomila.com\/en\/diner-2\/","title":{"rendered":"DINNER"},"content":{"rendered":"<div class=\"wp-block-group alignfull has-global-padding is-layout-constrained wp-block-group-is-layout-constrained\" style=\"margin-top:0;margin-bottom:0;padding-top:var(--wp--preset--spacing--50);padding-bottom:var(--wp--preset--spacing--50)\">\n<div class=\"wp-block-columns alignwide is-layout-flex wp-container-core-columns-is-layout-47c06fe3 wp-block-columns-is-layout-flex\">\n<div class=\"wp-block-column is-layout-flow wp-block-column-is-layout-flow\" style=\"flex-basis:56%\">\n<figure class=\"wp-block-image size-full\"><img loading=\"lazy\" decoding=\"async\" width=\"1024\" height=\"1536\" src=\"https:\/\/bloomila.com\/wp-content\/uploads\/2025\/07\/ChatGPT-Image-9-juil.-2025-16_00_23.png\" alt=\"\" class=\"wp-image-366\" srcset=\"https:\/\/bloomila.com\/wp-content\/uploads\/2025\/07\/ChatGPT-Image-9-juil.-2025-16_00_23.png 1024w, https:\/\/bloomila.com\/wp-content\/uploads\/2025\/07\/ChatGPT-Image-9-juil.-2025-16_00_23-200x300.png 200w, https:\/\/bloomila.com\/wp-content\/uploads\/2025\/07\/ChatGPT-Image-9-juil.-2025-16_00_23-683x1024.png 683w\" sizes=\"auto, (max-width: 1024px) 100vw, 1024px\" \/><\/figure>\n<\/div>\n\n\n\n<div class=\"wp-block-column is-vertically-aligned-center is-layout-flow wp-container-core-column-is-layout-119bc444 wp-block-column-is-layout-flow\">\n<h2 class=\"wp-block-heading\">Bloomila's Dinner<\/h2>\n\n\n\n<p><em>That moment when you don't know if you want to eat, cry, or sleep.<\/em><\/p>\n\n\n\n<p class=\"translation-block\">Welcome to the dinner section.<br>You know, that end-of-day meal that you want to be light, comforting, quick... but also good, balanced, hot, not too long, not too bland, and above all without washing up afterward <strong>(spoiler: we don't have that option yet).<\/strong><\/p>\n\n\n\n<p>Here, the evening recipes have been designed for:<\/p>\n\n\n\n<ul class=\"wp-block-list\">\n<li class=\"translation-block\">nourish your body <strong>without emptying your soul<\/strong>,<\/li>\n\n\n\n<li class=\"translation-block\">calm your thoughts <strong>without putting your desire to sleep<\/strong>,<\/li>\n\n\n\n<li class=\"translation-block\">and make you say while crunching:<br><em>\u201cAh yeah, I needed that.\u201d<\/em><\/li>\n<\/ul>\n\n\n\n<p class=\"translation-block\">Sometimes it's a humble soup.<br>Sometimes a comfort food disguised as something serious.<br>But always with the intention of helping you <strong>land gently<\/strong> at the end of your day.<\/p>\n\n\n\n<p class=\"translation-block\">And no, you don't have to share everything with your family. Not tonight.<\/p>\n\n\n\n<div class=\"wp-block-buttons is-layout-flex wp-block-buttons-is-layout-flex\">\n<div class=\"wp-block-button\"><a class=\"wp-block-button__link wp-element-button\">Send me your creation !<\/a><\/div>\n<\/div>\n<\/div>\n<\/div>\n<\/div>\n\n\n\n<div class=\"wp-block-group alignfull has-global-padding is-layout-constrained wp-block-group-is-layout-constrained\" style=\"margin-top:0;margin-bottom:0;padding-top:var(--wp--preset--spacing--50);padding-bottom:var(--wp--preset--spacing--50)\">\n<div class=\"wp-block-group alignwide is-layout-grid wp-container-core-group-is-layout-21f393a4 wp-block-group-is-layout-grid\">\n<figure class=\"wp-block-image size-full\"><a href=\"https:\/\/bloomila.com\/wp-content\/uploads\/2025\/07\/ChatGPT-Image-9-juil.-2025-16_12_41.pdf\"><img loading=\"lazy\" decoding=\"async\" width=\"1024\" height=\"1536\" src=\"https:\/\/bloomila.com\/wp-content\/uploads\/2025\/07\/ChatGPT-Image-9-juil.-2025-16_09_19.png\" alt=\"\" class=\"wp-image-387\" style=\"object-fit:cover\" srcset=\"https:\/\/bloomila.com\/wp-content\/uploads\/2025\/07\/ChatGPT-Image-9-juil.-2025-16_09_19.png 1024w, https:\/\/bloomila.com\/wp-content\/uploads\/2025\/07\/ChatGPT-Image-9-juil.-2025-16_09_19-200x300.png 200w, https:\/\/bloomila.com\/wp-content\/uploads\/2025\/07\/ChatGPT-Image-9-juil.-2025-16_09_19-683x1024.png 683w\" sizes=\"auto, (max-width: 1024px) 100vw, 1024px\" \/><\/a><\/figure>\n\n\n\n<figure class=\"wp-block-image size-full wp-container-content-79286276\"><a href=\"https:\/\/bloomila.com\/wp-content\/uploads\/2025\/07\/ChatGPT-Image-9-juil.-2025-17_01_20.pdf\"><img loading=\"lazy\" decoding=\"async\" width=\"1024\" height=\"1536\" src=\"https:\/\/bloomila.com\/wp-content\/uploads\/2025\/07\/ChatGPT-Image-9-juil.-2025-16_58_23.png\" alt=\"\" class=\"wp-image-392\" style=\"object-fit:cover\" srcset=\"https:\/\/bloomila.com\/wp-content\/uploads\/2025\/07\/ChatGPT-Image-9-juil.-2025-16_58_23.png 1024w, https:\/\/bloomila.com\/wp-content\/uploads\/2025\/07\/ChatGPT-Image-9-juil.-2025-16_58_23-200x300.png 200w, https:\/\/bloomila.com\/wp-content\/uploads\/2025\/07\/ChatGPT-Image-9-juil.-2025-16_58_23-683x1024.png 683w, https:\/\/bloomila.com\/wp-content\/uploads\/2025\/07\/ChatGPT-Image-9-juil.-2025-16_58_23-768x1152.png 768w, https:\/\/bloomila.com\/wp-content\/uploads\/2025\/07\/ChatGPT-Image-9-juil.-2025-16_58_23-8x12.png 8w\" sizes=\"auto, (max-width: 1024px) 100vw, 1024px\" \/><\/a><\/figure>\n\n\n\n<figure class=\"wp-block-image size-full\"><a href=\"https:\/\/bloomila.com\/wp-content\/uploads\/2025\/11\/frite-merguez-de-la-flemme-cartoon.pdf\"><img loading=\"lazy\" decoding=\"async\" width=\"1024\" height=\"1536\" src=\"https:\/\/bloomila.com\/wp-content\/uploads\/2025\/11\/recette-de-la-flemme-frite-merguez.png\" alt=\"\" class=\"wp-image-1085\" style=\"object-fit:cover\" srcset=\"https:\/\/bloomila.com\/wp-content\/uploads\/2025\/11\/recette-de-la-flemme-frite-merguez.png 1024w, https:\/\/bloomila.com\/wp-content\/uploads\/2025\/11\/recette-de-la-flemme-frite-merguez-200x300.png 200w, https:\/\/bloomila.com\/wp-content\/uploads\/2025\/11\/recette-de-la-flemme-frite-merguez-683x1024.png 683w\" sizes=\"auto, (max-width: 1024px) 100vw, 1024px\" \/><\/a><\/figure>\n\n\n\n<figure class=\"wp-block-image size-full\"><a href=\"https:\/\/bloomila.com\/wp-content\/uploads\/2025\/11\/hot-dog-dorees.pdf\"><img loading=\"lazy\" decoding=\"async\" width=\"1024\" height=\"1536\" src=\"https:\/\/bloomila.com\/wp-content\/uploads\/2025\/11\/hot-dog-dore.png\" alt=\"\" class=\"wp-image-1121\" style=\"object-fit:cover\" srcset=\"https:\/\/bloomila.com\/wp-content\/uploads\/2025\/11\/hot-dog-dore.png 1024w, https:\/\/bloomila.com\/wp-content\/uploads\/2025\/11\/hot-dog-dore-200x300.png 200w, https:\/\/bloomila.com\/wp-content\/uploads\/2025\/11\/hot-dog-dore-683x1024.png 683w, https:\/\/bloomila.com\/wp-content\/uploads\/2025\/11\/hot-dog-dore-768x1152.png 768w, https:\/\/bloomila.com\/wp-content\/uploads\/2025\/11\/hot-dog-dore-8x12.png 8w, https:\/\/bloomila.com\/wp-content\/uploads\/2025\/11\/hot-dog-dore-600x900.png 600w\" sizes=\"auto, (max-width: 1024px) 100vw, 1024px\" \/><\/a><\/figure>\n\n\n\n<figure class=\"wp-block-image size-full\"><a href=\"https:\/\/bloomila.com\/wp-content\/uploads\/2025\/11\/koreen-galette-muffins.pdf\"><img loading=\"lazy\" decoding=\"async\" width=\"1024\" height=\"1536\" src=\"https:\/\/bloomila.com\/wp-content\/uploads\/2025\/11\/Korren-galette-mufins.png\" alt=\"\" class=\"wp-image-1126\" style=\"object-fit:cover\" srcset=\"https:\/\/bloomila.com\/wp-content\/uploads\/2025\/11\/Korren-galette-mufins.png 1024w, https:\/\/bloomila.com\/wp-content\/uploads\/2025\/11\/Korren-galette-mufins-200x300.png 200w, https:\/\/bloomila.com\/wp-content\/uploads\/2025\/11\/Korren-galette-mufins-683x1024.png 683w, https:\/\/bloomila.com\/wp-content\/uploads\/2025\/11\/Korren-galette-mufins-768x1152.png 768w, https:\/\/bloomila.com\/wp-content\/uploads\/2025\/11\/Korren-galette-mufins-8x12.png 8w, https:\/\/bloomila.com\/wp-content\/uploads\/2025\/11\/Korren-galette-mufins-600x900.png 600w\" sizes=\"auto, (max-width: 1024px) 100vw, 1024px\" \/><\/a><\/figure>\n\n\n\n<figure class=\"wp-block-image size-full\"><a href=\"https:\/\/bloomila.com\/wp-content\/uploads\/2025\/11\/saucisses-farci-a-lail-des-ours.pdf\"><img loading=\"lazy\" decoding=\"async\" width=\"1024\" height=\"1536\" src=\"https:\/\/bloomila.com\/wp-content\/uploads\/2025\/11\/SAUCISSES-AIL-DES-OURS.png\" alt=\"\" class=\"wp-image-1131\" style=\"object-fit:cover\" srcset=\"https:\/\/bloomila.com\/wp-content\/uploads\/2025\/11\/SAUCISSES-AIL-DES-OURS.png 1024w, https:\/\/bloomila.com\/wp-content\/uploads\/2025\/11\/SAUCISSES-AIL-DES-OURS-200x300.png 200w, https:\/\/bloomila.com\/wp-content\/uploads\/2025\/11\/SAUCISSES-AIL-DES-OURS-683x1024.png 683w, https:\/\/bloomila.com\/wp-content\/uploads\/2025\/11\/SAUCISSES-AIL-DES-OURS-768x1152.png 768w, https:\/\/bloomila.com\/wp-content\/uploads\/2025\/11\/SAUCISSES-AIL-DES-OURS-8x12.png 8w, https:\/\/bloomila.com\/wp-content\/uploads\/2025\/11\/SAUCISSES-AIL-DES-OURS-600x900.png 600w\" sizes=\"auto, (max-width: 1024px) 100vw, 1024px\" \/><\/a><\/figure>\n\n\n\n<figure class=\"wp-block-image size-full\"><img loading=\"lazy\" decoding=\"async\" width=\"1024\" height=\"1536\" src=\"https:\/\/bloomila.com\/wp-content\/uploads\/2025\/07\/005c7d90-b938-4960-9d31-c760d748be3d-1.png\" alt=\"\" class=\"wp-image-324\" srcset=\"https:\/\/bloomila.com\/wp-content\/uploads\/2025\/07\/005c7d90-b938-4960-9d31-c760d748be3d-1.png 1024w, https:\/\/bloomila.com\/wp-content\/uploads\/2025\/07\/005c7d90-b938-4960-9d31-c760d748be3d-1-200x300.png 200w\" sizes=\"auto, (max-width: 1024px) 100vw, 1024px\" \/><\/figure>\n\n\n\n<figure class=\"wp-block-image size-full\"><img loading=\"lazy\" decoding=\"async\" width=\"1024\" height=\"1536\" src=\"https:\/\/bloomila.com\/wp-content\/uploads\/2025\/07\/005c7d90-b938-4960-9d31-c760d748be3d-1.png\" alt=\"\" class=\"wp-image-324\" srcset=\"https:\/\/bloomila.com\/wp-content\/uploads\/2025\/07\/005c7d90-b938-4960-9d31-c760d748be3d-1.png 1024w, https:\/\/bloomila.com\/wp-content\/uploads\/2025\/07\/005c7d90-b938-4960-9d31-c760d748be3d-1-200x300.png 200w\" sizes=\"auto, (max-width: 1024px) 100vw, 1024px\" \/><\/figure>\n<\/div>\n<\/div>","protected":false},"excerpt":{"rendered":"<p>Diner de Bloomila Ce moment o\u00f9 tu ne sais plus si tu veux manger, pleurer, ou dormir. Bienvenue dans la section d\u00eener.Tu sais, ce repas de fin de journ\u00e9e que tu voudrais l\u00e9ger, r\u00e9confortant, rapide\u2026 mais aussi bon, \u00e9quilibr\u00e9, chaud, pas trop long, pas trop fade, et surtout sans vaisselle derri\u00e8re (spoiler : on n\u2019a [&hellip;]<\/p>\n","protected":false},"author":1,"featured_media":0,"parent":0,"menu_order":0,"comment_status":"closed","ping_status":"closed","template":"","meta":{"footnotes":""},"class_list":["post-379","page","type-page","status-publish","hentry"],"_links":{"self":[{"href":"https:\/\/bloomila.com\/en\/wp-json\/wp\/v2\/pages\/379","targetHints":{"allow":["GET"]}}],"collection":[{"href":"https:\/\/bloomila.com\/en\/wp-json\/wp\/v2\/pages"}],"about":[{"href":"https:\/\/bloomila.com\/en\/wp-json\/wp\/v2\/types\/page"}],"author":[{"embeddable":true,"href":"https:\/\/bloomila.com\/en\/wp-json\/wp\/v2\/users\/1"}],"replies":[{"embeddable":true,"href":"https:\/\/bloomila.com\/en\/wp-json\/wp\/v2\/comments?post=379"}],"version-history":[{"count":7,"href":"https:\/\/bloomila.com\/en\/wp-json\/wp\/v2\/pages\/379\/revisions"}],"predecessor-version":[{"id":1135,"href":"https:\/\/bloomila.com\/en\/wp-json\/wp\/v2\/pages\/379\/revisions\/1135"}],"wp:attachment":[{"href":"https:\/\/bloomila.com\/en\/wp-json\/wp\/v2\/media?parent=379"}],"curies":[{"name":"wp","href":"https:\/\/api.w.org\/{rel}","templated":true}]}}