{"id":364,"date":"2025-06-12T22:41:10","date_gmt":"2025-06-12T22:41:10","guid":{"rendered":"https:\/\/bloomila.com\/?page_id=364"},"modified":"2025-06-12T22:41:10","modified_gmt":"2025-06-12T22:41:10","slug":"boissons-2","status":"publish","type":"page","link":"https:\/\/bloomila.com\/en\/boissons-2\/","title":{"rendered":"boissons"},"content":{"rendered":"<div class=\"wp-block-group alignfull has-global-padding is-layout-constrained wp-block-group-is-layout-constrained\" style=\"margin-top:0;margin-bottom:0;padding-top:var(--wp--preset--spacing--50);padding-bottom:var(--wp--preset--spacing--50)\">\n<div class=\"wp-block-columns alignwide is-layout-flex wp-container-core-columns-is-layout-47c06fe3 wp-block-columns-is-layout-flex\">\n<div class=\"wp-block-column is-layout-flow wp-block-column-is-layout-flow\" style=\"flex-basis:56%\">\n<figure class=\"wp-block-image size-full\"><img loading=\"lazy\" decoding=\"async\" width=\"1024\" height=\"1536\" src=\"https:\/\/bloomila.com\/wp-content\/uploads\/2025\/06\/boissons.png\" alt=\"\" class=\"wp-image-368\" srcset=\"https:\/\/bloomila.com\/wp-content\/uploads\/2025\/06\/boissons.png 1024w, https:\/\/bloomila.com\/wp-content\/uploads\/2025\/06\/boissons-200x300.png 200w\" sizes=\"auto, (max-width: 1024px) 100vw, 1024px\" \/><\/figure>\n<\/div>\n\n\n\n<div class=\"wp-block-column is-vertically-aligned-center is-layout-flow wp-container-core-column-is-layout-119bc444 wp-block-column-is-layout-flow\">\n<h2 class=\"wp-block-heading has-playfair-display-font-family\">Bloomila Drinks<\/h2>\n\n\n\n<p><em>Drink slowly, even when you're going too fast.<\/em><\/p>\n\n\n\n<p class=\"translation-block\">Welcome to the liquid calm aisle.<br>Here, you won't find harsh caffeine shots or protein smoothies screaming at you to become a better version of yourself.<\/p>\n\n\n\n<p class=\"translation-block\">No.<br>Here, drinks have a much more subtle mission: <strong>not to rush you<\/strong>.<\/p>\n\n\n\n<p class=\"translation-block\">Because sometimes, drinking something good and simple is already <strong>taking care of yourself<\/strong> without writing an Instagram post to prove it.<\/p>\n\n\n\n<div class=\"wp-block-buttons is-layout-flex wp-block-buttons-is-layout-flex\">\n<div class=\"wp-block-button\"><a class=\"wp-block-button__link wp-element-button\">Send me a photo of your creation !<\/a><\/div>\n<\/div>\n<\/div>\n<\/div>\n<\/div>\n\n\n\n<div class=\"wp-block-group alignfull has-global-padding is-layout-constrained wp-block-group-is-layout-constrained\" style=\"margin-top:0;margin-bottom:0;padding-top:var(--wp--preset--spacing--50);padding-bottom:var(--wp--preset--spacing--50)\">\n<div class=\"wp-block-group alignwide is-layout-grid wp-container-core-group-is-layout-21f393a4 wp-block-group-is-layout-grid\">\n<figure class=\"wp-block-image size-full\"><a href=\"https:\/\/bloomila.com\/wp-content\/uploads\/2025\/07\/ChatGPT-Image-9-juil.-2025-17_20_57.pdf\"><img loading=\"lazy\" decoding=\"async\" width=\"1024\" height=\"1536\" src=\"https:\/\/bloomila.com\/wp-content\/uploads\/2025\/07\/ChatGPT-Image-9-juil.-2025-17_14_34.png\" alt=\"\" class=\"wp-image-372\" style=\"object-fit:cover\" srcset=\"https:\/\/bloomila.com\/wp-content\/uploads\/2025\/07\/ChatGPT-Image-9-juil.-2025-17_14_34.png 1024w, https:\/\/bloomila.com\/wp-content\/uploads\/2025\/07\/ChatGPT-Image-9-juil.-2025-17_14_34-200x300.png 200w, https:\/\/bloomila.com\/wp-content\/uploads\/2025\/07\/ChatGPT-Image-9-juil.-2025-17_14_34-683x1024.png 683w, https:\/\/bloomila.com\/wp-content\/uploads\/2025\/07\/ChatGPT-Image-9-juil.-2025-17_14_34-768x1152.png 768w, https:\/\/bloomila.com\/wp-content\/uploads\/2025\/07\/ChatGPT-Image-9-juil.-2025-17_14_34-8x12.png 8w\" sizes=\"auto, (max-width: 1024px) 100vw, 1024px\" \/><\/a><\/figure>\n\n\n\n<figure class=\"wp-block-image size-full\"><a href=\"https:\/\/bloomila.com\/wp-content\/uploads\/2025\/07\/ChatGPT-Image-9-juil.-2025-17_51_35.pdf\"><img loading=\"lazy\" decoding=\"async\" width=\"1024\" height=\"1536\" src=\"https:\/\/bloomila.com\/wp-content\/uploads\/2025\/07\/Snack-Genereux-au-Gingembre-et-Citron.png\" alt=\"\" class=\"wp-image-373\" style=\"object-fit:cover\" srcset=\"https:\/\/bloomila.com\/wp-content\/uploads\/2025\/07\/Snack-Genereux-au-Gingembre-et-Citron.png 1024w, https:\/\/bloomila.com\/wp-content\/uploads\/2025\/07\/Snack-Genereux-au-Gingembre-et-Citron-200x300.png 200w\" sizes=\"auto, (max-width: 1024px) 100vw, 1024px\" \/><\/a><\/figure>\n\n\n\n<figure class=\"wp-block-image size-full\"><a href=\"https:\/\/bloomila.com\/wp-content\/uploads\/2025\/07\/ChatGPT-Image-9-juil.-2025-18_07_49.pdf\"><img loading=\"lazy\" decoding=\"async\" width=\"1024\" height=\"1536\" src=\"https:\/\/bloomila.com\/wp-content\/uploads\/2025\/07\/ChatGPT-Image-9-juil.-2025-18_04_57-1.png\" alt=\"\" class=\"wp-image-375\" style=\"object-fit:cover\" srcset=\"https:\/\/bloomila.com\/wp-content\/uploads\/2025\/07\/ChatGPT-Image-9-juil.-2025-18_04_57-1.png 1024w, https:\/\/bloomila.com\/wp-content\/uploads\/2025\/07\/ChatGPT-Image-9-juil.-2025-18_04_57-1-200x300.png 200w, https:\/\/bloomila.com\/wp-content\/uploads\/2025\/07\/ChatGPT-Image-9-juil.-2025-18_04_57-1-683x1024.png 683w, https:\/\/bloomila.com\/wp-content\/uploads\/2025\/07\/ChatGPT-Image-9-juil.-2025-18_04_57-1-768x1152.png 768w, https:\/\/bloomila.com\/wp-content\/uploads\/2025\/07\/ChatGPT-Image-9-juil.-2025-18_04_57-1-8x12.png 8w\" sizes=\"auto, (max-width: 1024px) 100vw, 1024px\" \/><\/a><\/figure>\n\n\n\n<figure class=\"wp-block-image size-full\"><img loading=\"lazy\" decoding=\"async\" width=\"1024\" height=\"1536\" src=\"https:\/\/bloomila.com\/wp-content\/uploads\/2025\/07\/005c7d90-b938-4960-9d31-c760d748be3d-1.png\" alt=\"\" class=\"wp-image-324\" style=\"object-fit:cover\" srcset=\"https:\/\/bloomila.com\/wp-content\/uploads\/2025\/07\/005c7d90-b938-4960-9d31-c760d748be3d-1.png 1024w, https:\/\/bloomila.com\/wp-content\/uploads\/2025\/07\/005c7d90-b938-4960-9d31-c760d748be3d-1-200x300.png 200w\" sizes=\"auto, (max-width: 1024px) 100vw, 1024px\" \/><\/figure>\n\n\n\n<figure class=\"wp-block-image size-full\"><img loading=\"lazy\" decoding=\"async\" width=\"1024\" height=\"1536\" src=\"https:\/\/bloomila.com\/wp-content\/uploads\/2025\/07\/005c7d90-b938-4960-9d31-c760d748be3d-1.png\" alt=\"\" class=\"wp-image-324\" style=\"object-fit:cover\" srcset=\"https:\/\/bloomila.com\/wp-content\/uploads\/2025\/07\/005c7d90-b938-4960-9d31-c760d748be3d-1.png 1024w, https:\/\/bloomila.com\/wp-content\/uploads\/2025\/07\/005c7d90-b938-4960-9d31-c760d748be3d-1-200x300.png 200w\" sizes=\"auto, (max-width: 1024px) 100vw, 1024px\" \/><\/figure>\n\n\n\n<figure class=\"wp-block-image size-full\"><img loading=\"lazy\" decoding=\"async\" width=\"1024\" height=\"1536\" src=\"https:\/\/bloomila.com\/wp-content\/uploads\/2025\/07\/005c7d90-b938-4960-9d31-c760d748be3d-1.png\" alt=\"\" class=\"wp-image-324\" style=\"object-fit:cover\" srcset=\"https:\/\/bloomila.com\/wp-content\/uploads\/2025\/07\/005c7d90-b938-4960-9d31-c760d748be3d-1.png 1024w, https:\/\/bloomila.com\/wp-content\/uploads\/2025\/07\/005c7d90-b938-4960-9d31-c760d748be3d-1-200x300.png 200w\" sizes=\"auto, (max-width: 1024px) 100vw, 1024px\" \/><\/figure>\n\n\n\n<figure class=\"wp-block-image size-full\"><img loading=\"lazy\" decoding=\"async\" width=\"1024\" height=\"1536\" src=\"https:\/\/bloomila.com\/wp-content\/uploads\/2025\/07\/005c7d90-b938-4960-9d31-c760d748be3d-1.png\" alt=\"\" class=\"wp-image-324\" style=\"object-fit:cover\" srcset=\"https:\/\/bloomila.com\/wp-content\/uploads\/2025\/07\/005c7d90-b938-4960-9d31-c760d748be3d-1.png 1024w, https:\/\/bloomila.com\/wp-content\/uploads\/2025\/07\/005c7d90-b938-4960-9d31-c760d748be3d-1-200x300.png 200w\" sizes=\"auto, (max-width: 1024px) 100vw, 1024px\" \/><\/figure>\n\n\n\n<figure class=\"wp-block-image size-full\"><img loading=\"lazy\" decoding=\"async\" width=\"1024\" height=\"1536\" src=\"https:\/\/bloomila.com\/wp-content\/uploads\/2025\/07\/005c7d90-b938-4960-9d31-c760d748be3d-1.png\" alt=\"\" class=\"wp-image-324\" srcset=\"https:\/\/bloomila.com\/wp-content\/uploads\/2025\/07\/005c7d90-b938-4960-9d31-c760d748be3d-1.png 1024w, https:\/\/bloomila.com\/wp-content\/uploads\/2025\/07\/005c7d90-b938-4960-9d31-c760d748be3d-1-200x300.png 200w\" sizes=\"auto, (max-width: 1024px) 100vw, 1024px\" \/><\/figure>\n<\/div>\n<\/div>","protected":false},"excerpt":{"rendered":"<p>Boissons Bloomila \u00c0 boire lentement, m\u00eame quand tu vas trop vite. Bienvenue dans le rayon liquide du calme.Ici, tu ne trouveras ni shots de caf\u00e9ine agressive, ni smoothies prot\u00e9in\u00e9s qui te hurlent de devenir une meilleure version de toi-m\u00eame. Non.Ici, les boissons ont une mission bien plus subtile : ne pas te brusquer. Parce que [&hellip;]<\/p>\n","protected":false},"author":1,"featured_media":0,"parent":0,"menu_order":0,"comment_status":"closed","ping_status":"closed","template":"","meta":{"footnotes":""},"class_list":["post-364","page","type-page","status-publish","hentry"],"_links":{"self":[{"href":"https:\/\/bloomila.com\/en\/wp-json\/wp\/v2\/pages\/364","targetHints":{"allow":["GET"]}}],"collection":[{"href":"https:\/\/bloomila.com\/en\/wp-json\/wp\/v2\/pages"}],"about":[{"href":"https:\/\/bloomila.com\/en\/wp-json\/wp\/v2\/types\/page"}],"author":[{"embeddable":true,"href":"https:\/\/bloomila.com\/en\/wp-json\/wp\/v2\/users\/1"}],"replies":[{"embeddable":true,"href":"https:\/\/bloomila.com\/en\/wp-json\/wp\/v2\/comments?post=364"}],"version-history":[{"count":2,"href":"https:\/\/bloomila.com\/en\/wp-json\/wp\/v2\/pages\/364\/revisions"}],"predecessor-version":[{"id":378,"href":"https:\/\/bloomila.com\/en\/wp-json\/wp\/v2\/pages\/364\/revisions\/378"}],"wp:attachment":[{"href":"https:\/\/bloomila.com\/en\/wp-json\/wp\/v2\/media?parent=364"}],"curies":[{"name":"wp","href":"https:\/\/api.w.org\/{rel}","templated":true}]}}