{"id":340,"date":"2025-06-12T22:14:36","date_gmt":"2025-06-12T22:14:36","guid":{"rendered":"https:\/\/bloomila.com\/?page_id=340"},"modified":"2025-11-13T20:16:31","modified_gmt":"2025-11-13T20:16:31","slug":"dejeuner","status":"publish","type":"page","link":"https:\/\/bloomila.com\/en\/dejeuner\/","title":{"rendered":"dejeuner"},"content":{"rendered":"<div class=\"wp-block-group alignfull has-global-padding is-layout-constrained wp-block-group-is-layout-constrained\" style=\"margin-top:0;margin-bottom:0;padding-top:var(--wp--preset--spacing--30);padding-bottom:var(--wp--preset--spacing--30)\">\n<div class=\"wp-block-columns alignwide is-layout-flex wp-container-core-columns-is-layout-47c06fe3 wp-block-columns-is-layout-flex\">\n<div class=\"wp-block-column is-layout-flow wp-block-column-is-layout-flow\" style=\"flex-basis:56%\">\n<figure class=\"wp-block-image size-full\"><img loading=\"lazy\" decoding=\"async\" width=\"1024\" height=\"1536\" src=\"https:\/\/bloomila.com\/wp-content\/uploads\/2025\/07\/ChatGPT-Image-8-juil.-2025-17_35_27-1.png\" alt=\"\" class=\"wp-image-344\" srcset=\"https:\/\/bloomila.com\/wp-content\/uploads\/2025\/07\/ChatGPT-Image-8-juil.-2025-17_35_27-1.png 1024w, https:\/\/bloomila.com\/wp-content\/uploads\/2025\/07\/ChatGPT-Image-8-juil.-2025-17_35_27-1-200x300.png 200w\" sizes=\"auto, (max-width: 1024px) 100vw, 1024px\" \/><\/figure>\n<\/div>\n\n\n\n<div class=\"wp-block-column is-vertically-aligned-center is-layout-flow wp-container-core-column-is-layout-119bc444 wp-block-column-is-layout-flow\">\n<h2 class=\"wp-block-heading has-playfair-display-font-family has-x-large-font-size\">BLOOMILA'S BREAKFAST <\/h2>\n\n\n\n<p class=\"translation-block\">Here, we don't really prepare lunch... We project it internally. With a colorful plate, warm but never too warm, and a fork that doesn't fall onto the plate when the photo is taken.<\/p>\n\n\n\n<p><em>(Even though in reality, we ate standing up while scrolling.)<\/em><\/p>\n\n\n\n<hr class=\"wp-block-separator has-alpha-channel-opacity\"\/>\n\n\n\n<p class=\"translation-block\">But if you find <strong>7 minutes, a little craving, and a bit of energy<\/strong>,<br>and <strong>your dish doesn't match your patience<\/strong>,<br><em>\u2013 Try the calm recipes!<\/em><\/p>\n\n\n\n<hr class=\"wp-block-separator has-alpha-channel-opacity\"\/>\n\n\n\n<p> <strong>Et surtout :<\/strong><br>\ud83d\udc49<strong>Ajoute ton grain d\u2019id\u00e9e, ton topping ou ton \u00e9lan du moment.<\/strong><br>Puis <strong>envoie-moi la photo<\/strong> (je dirai que c\u2019est du slow food. Ou presque.)<\/p>\n\n\n\n<div class=\"wp-block-buttons is-layout-flex wp-block-buttons-is-layout-flex\">\n<div class=\"wp-block-button\"><a class=\"wp-block-button__link wp-element-button\">Send me your photo<\/a><\/div>\n<\/div>\n<\/div>\n<\/div>\n<\/div>\n\n\n\n<div class=\"wp-block-group alignfull has-global-padding is-layout-constrained wp-block-group-is-layout-constrained\" style=\"margin-top:0;margin-bottom:0;padding-top:var(--wp--preset--spacing--50);padding-bottom:var(--wp--preset--spacing--50)\">\n<div class=\"wp-block-group alignwide is-layout-grid wp-container-core-group-is-layout-21f393a4 wp-block-group-is-layout-grid\">\n<div class=\"wp-block-group is-style-default has-global-padding is-layout-constrained wp-block-group-is-layout-constrained\" style=\"min-height:297px\">\n<figure class=\"wp-block-image size-full\"><a href=\"https:\/\/bloomila.com\/wp-content\/uploads\/2025\/07\/Ingredients-pour-un-Bento-Equilibre.pdf\"><img loading=\"lazy\" decoding=\"async\" width=\"1024\" height=\"1536\" src=\"https:\/\/bloomila.com\/wp-content\/uploads\/2025\/07\/ChatGPT-Image-8-juil.-2025-17_56_09.png\" alt=\"\" class=\"wp-image-351\" srcset=\"https:\/\/bloomila.com\/wp-content\/uploads\/2025\/07\/ChatGPT-Image-8-juil.-2025-17_56_09.png 1024w, https:\/\/bloomila.com\/wp-content\/uploads\/2025\/07\/ChatGPT-Image-8-juil.-2025-17_56_09-200x300.png 200w\" sizes=\"auto, (max-width: 1024px) 100vw, 1024px\" \/><\/a><\/figure>\n<\/div>\n\n\n\n<figure class=\"wp-block-image size-full\"><a href=\"https:\/\/bloomila.com\/wp-content\/uploads\/2025\/07\/ChatGPT-Image-8-juil.-2025-18_18_55.pdf\"><img loading=\"lazy\" decoding=\"async\" width=\"1024\" height=\"1536\" src=\"https:\/\/bloomila.com\/wp-content\/uploads\/2025\/07\/ChatGPT-Image-8-juil.-2025-18_14_49.png\" alt=\"\" class=\"wp-image-357\" style=\"object-fit:cover\" srcset=\"https:\/\/bloomila.com\/wp-content\/uploads\/2025\/07\/ChatGPT-Image-8-juil.-2025-18_14_49.png 1024w, https:\/\/bloomila.com\/wp-content\/uploads\/2025\/07\/ChatGPT-Image-8-juil.-2025-18_14_49-200x300.png 200w, https:\/\/bloomila.com\/wp-content\/uploads\/2025\/07\/ChatGPT-Image-8-juil.-2025-18_14_49-683x1024.png 683w, https:\/\/bloomila.com\/wp-content\/uploads\/2025\/07\/ChatGPT-Image-8-juil.-2025-18_14_49-768x1152.png 768w, https:\/\/bloomila.com\/wp-content\/uploads\/2025\/07\/ChatGPT-Image-8-juil.-2025-18_14_49-8x12.png 8w\" sizes=\"auto, (max-width: 1024px) 100vw, 1024px\" \/><\/a><\/figure>\n\n\n\n<figure class=\"wp-block-image size-full\"><a href=\"https:\/\/bloomila.com\/wp-content\/uploads\/2025\/11\/Cinnamon-sale-cartoon.pdf\"><img loading=\"lazy\" decoding=\"async\" width=\"683\" height=\"1024\" src=\"https:\/\/bloomila.com\/wp-content\/uploads\/2025\/11\/unnamed-6.jpg\" alt=\"\" class=\"wp-image-1109\" style=\"object-fit:cover\" srcset=\"https:\/\/bloomila.com\/wp-content\/uploads\/2025\/11\/unnamed-6.jpg 683w, https:\/\/bloomila.com\/wp-content\/uploads\/2025\/11\/unnamed-6-200x300.jpg 200w, https:\/\/bloomila.com\/wp-content\/uploads\/2025\/11\/unnamed-6-8x12.jpg 8w, https:\/\/bloomila.com\/wp-content\/uploads\/2025\/11\/unnamed-6-600x900.jpg 600w\" sizes=\"auto, (max-width: 683px) 100vw, 683px\" \/><\/a><\/figure>\n\n\n\n<figure class=\"wp-block-image size-full\"><a href=\"https:\/\/bloomila.com\/wp-content\/uploads\/2025\/11\/haricot-dorees-saucisses-a-la-creme-derable.pdf\"><img loading=\"lazy\" decoding=\"async\" width=\"1024\" height=\"1536\" src=\"https:\/\/bloomila.com\/wp-content\/uploads\/2025\/11\/haricot-coco-saucisse-sauce-erable.png\" alt=\"\" class=\"wp-image-1114\" style=\"object-fit:cover\" srcset=\"https:\/\/bloomila.com\/wp-content\/uploads\/2025\/11\/haricot-coco-saucisse-sauce-erable.png 1024w, https:\/\/bloomila.com\/wp-content\/uploads\/2025\/11\/haricot-coco-saucisse-sauce-erable-200x300.png 200w, https:\/\/bloomila.com\/wp-content\/uploads\/2025\/11\/haricot-coco-saucisse-sauce-erable-683x1024.png 683w, https:\/\/bloomila.com\/wp-content\/uploads\/2025\/11\/haricot-coco-saucisse-sauce-erable-768x1152.png 768w, https:\/\/bloomila.com\/wp-content\/uploads\/2025\/11\/haricot-coco-saucisse-sauce-erable-8x12.png 8w, https:\/\/bloomila.com\/wp-content\/uploads\/2025\/11\/haricot-coco-saucisse-sauce-erable-600x900.png 600w\" sizes=\"auto, (max-width: 1024px) 100vw, 1024px\" \/><\/a><\/figure>\n<\/div>\n<\/div>\n\n\n\n<div class=\"wp-block-group alignfull has-global-padding is-layout-constrained wp-block-group-is-layout-constrained\" style=\"margin-top:0;margin-bottom:0;padding-top:var(--wp--preset--spacing--50);padding-bottom:var(--wp--preset--spacing--50)\">\n<div class=\"wp-block-group alignwide is-layout-grid wp-container-core-group-is-layout-21f393a4 wp-block-group-is-layout-grid\">\n<div class=\"wp-block-group is-style-default has-global-padding is-layout-constrained wp-block-group-is-layout-constrained\" style=\"min-height:297px\">\n<figure class=\"wp-block-image size-full\"><a href=\"https:\/\/bloomila.com\/wp-content\/uploads\/2025\/11\/AjouterMacaronis-au-Cantal-dore-saucisse-italienneun-titre.pdf\"><img loading=\"lazy\" decoding=\"async\" width=\"1024\" height=\"1536\" src=\"https:\/\/bloomila.com\/wp-content\/uploads\/2025\/11\/1-1.png\" alt=\"\" class=\"wp-image-1119\" srcset=\"https:\/\/bloomila.com\/wp-content\/uploads\/2025\/11\/1-1.png 1024w, https:\/\/bloomila.com\/wp-content\/uploads\/2025\/11\/1-1-200x300.png 200w, https:\/\/bloomila.com\/wp-content\/uploads\/2025\/11\/1-1-683x1024.png 683w, https:\/\/bloomila.com\/wp-content\/uploads\/2025\/11\/1-1-768x1152.png 768w, https:\/\/bloomila.com\/wp-content\/uploads\/2025\/11\/1-1-8x12.png 8w, https:\/\/bloomila.com\/wp-content\/uploads\/2025\/11\/1-1-600x900.png 600w\" sizes=\"auto, (max-width: 1024px) 100vw, 1024px\" \/><\/a><\/figure>\n<\/div>\n\n\n\n<figure class=\"wp-block-image size-full\"><img loading=\"lazy\" decoding=\"async\" width=\"1024\" height=\"1536\" src=\"https:\/\/bloomila.com\/wp-content\/uploads\/2025\/07\/005c7d90-b938-4960-9d31-c760d748be3d-1.png\" alt=\"\" class=\"wp-image-324\" style=\"object-fit:cover\" srcset=\"https:\/\/bloomila.com\/wp-content\/uploads\/2025\/07\/005c7d90-b938-4960-9d31-c760d748be3d-1.png 1024w, https:\/\/bloomila.com\/wp-content\/uploads\/2025\/07\/005c7d90-b938-4960-9d31-c760d748be3d-1-200x300.png 200w\" sizes=\"auto, (max-width: 1024px) 100vw, 1024px\" \/><\/figure>\n\n\n\n<figure class=\"wp-block-image size-full\"><img loading=\"lazy\" decoding=\"async\" width=\"1024\" height=\"1536\" src=\"https:\/\/bloomila.com\/wp-content\/uploads\/2025\/07\/005c7d90-b938-4960-9d31-c760d748be3d-1.png\" alt=\"\" class=\"wp-image-324\" style=\"object-fit:cover\" srcset=\"https:\/\/bloomila.com\/wp-content\/uploads\/2025\/07\/005c7d90-b938-4960-9d31-c760d748be3d-1.png 1024w, https:\/\/bloomila.com\/wp-content\/uploads\/2025\/07\/005c7d90-b938-4960-9d31-c760d748be3d-1-200x300.png 200w\" sizes=\"auto, (max-width: 1024px) 100vw, 1024px\" \/><\/figure>\n\n\n\n<figure class=\"wp-block-image size-full\"><img loading=\"lazy\" decoding=\"async\" width=\"1024\" height=\"1536\" src=\"https:\/\/bloomila.com\/wp-content\/uploads\/2025\/07\/005c7d90-b938-4960-9d31-c760d748be3d-1.png\" alt=\"\" class=\"wp-image-324\" style=\"object-fit:cover\" srcset=\"https:\/\/bloomila.com\/wp-content\/uploads\/2025\/07\/005c7d90-b938-4960-9d31-c760d748be3d-1.png 1024w, https:\/\/bloomila.com\/wp-content\/uploads\/2025\/07\/005c7d90-b938-4960-9d31-c760d748be3d-1-200x300.png 200w\" sizes=\"auto, (max-width: 1024px) 100vw, 1024px\" \/><\/figure>\n<\/div>\n<\/div>","protected":false},"excerpt":{"rendered":"<p>DEJEUNER DE BLOOMILA Ici, on ne pr\u00e9pare pas vraiment le d\u00e9jeuner\u2026On le projette int\u00e9rieurement.Avec une assiette color\u00e9e, ti\u00e8de mais jamais trop,et une fourchette qui ne tombe pas dans l\u2019assiette au moment de la photo. (M\u00eame si en vrai, on a mang\u00e9 debout en scrollant.) Mais si toi, tu trouves 7 minutes, une petite envie, et [&hellip;]<\/p>\n","protected":false},"author":1,"featured_media":0,"parent":0,"menu_order":0,"comment_status":"closed","ping_status":"closed","template":"","meta":{"footnotes":""},"class_list":["post-340","page","type-page","status-publish","hentry"],"_links":{"self":[{"href":"https:\/\/bloomila.com\/en\/wp-json\/wp\/v2\/pages\/340","targetHints":{"allow":["GET"]}}],"collection":[{"href":"https:\/\/bloomila.com\/en\/wp-json\/wp\/v2\/pages"}],"about":[{"href":"https:\/\/bloomila.com\/en\/wp-json\/wp\/v2\/types\/page"}],"author":[{"embeddable":true,"href":"https:\/\/bloomila.com\/en\/wp-json\/wp\/v2\/users\/1"}],"replies":[{"embeddable":true,"href":"https:\/\/bloomila.com\/en\/wp-json\/wp\/v2\/comments?post=340"}],"version-history":[{"count":6,"href":"https:\/\/bloomila.com\/en\/wp-json\/wp\/v2\/pages\/340\/revisions"}],"predecessor-version":[{"id":1120,"href":"https:\/\/bloomila.com\/en\/wp-json\/wp\/v2\/pages\/340\/revisions\/1120"}],"wp:attachment":[{"href":"https:\/\/bloomila.com\/en\/wp-json\/wp\/v2\/media?parent=340"}],"curies":[{"name":"wp","href":"https:\/\/api.w.org\/{rel}","templated":true}]}}