{"id":314,"date":"2025-06-11T15:18:28","date_gmt":"2025-06-11T15:18:28","guid":{"rendered":"https:\/\/bloomila.com\/?page_id=314"},"modified":"2025-11-10T17:23:52","modified_gmt":"2025-11-10T17:23:52","slug":"petit-dejeuner","status":"publish","type":"page","link":"https:\/\/bloomila.com\/en\/petit-dejeuner\/","title":{"rendered":"PETIT DEJ"},"content":{"rendered":"<div class=\"wp-block-group alignfull has-global-padding is-layout-constrained wp-block-group-is-layout-constrained\" style=\"margin-top:0;margin-bottom:0;padding-top:var(--wp--preset--spacing--50);padding-bottom:var(--wp--preset--spacing--50)\">\n<div class=\"wp-block-columns alignwide is-layout-flex wp-container-core-columns-is-layout-47c06fe3 wp-block-columns-is-layout-flex\">\n<div class=\"wp-block-column is-layout-flow wp-block-column-is-layout-flow\" style=\"flex-basis:56%\">\n<figure class=\"wp-block-image size-full\"><img loading=\"lazy\" decoding=\"async\" width=\"824\" height=\"818\" src=\"https:\/\/bloomila.com\/wp-content\/uploads\/2025\/11\/Capture-decran-2025-11-10-182022.png\" alt=\"\" class=\"wp-image-1089\" style=\"aspect-ratio:1;object-fit:cover\" srcset=\"https:\/\/bloomila.com\/wp-content\/uploads\/2025\/11\/Capture-decran-2025-11-10-182022.png 824w, https:\/\/bloomila.com\/wp-content\/uploads\/2025\/11\/Capture-decran-2025-11-10-182022-300x298.png 300w, https:\/\/bloomila.com\/wp-content\/uploads\/2025\/11\/Capture-decran-2025-11-10-182022-150x150.png 150w, https:\/\/bloomila.com\/wp-content\/uploads\/2025\/11\/Capture-decran-2025-11-10-182022-768x762.png 768w, https:\/\/bloomila.com\/wp-content\/uploads\/2025\/11\/Capture-decran-2025-11-10-182022-12x12.png 12w, https:\/\/bloomila.com\/wp-content\/uploads\/2025\/11\/Capture-decran-2025-11-10-182022-600x596.png 600w, https:\/\/bloomila.com\/wp-content\/uploads\/2025\/11\/Capture-decran-2025-11-10-182022-100x100.png 100w\" sizes=\"auto, (max-width: 824px) 100vw, 824px\" \/><\/figure>\n<\/div>\n\n\n\n<div class=\"wp-block-column is-vertically-aligned-center is-layout-flow wp-container-core-column-is-layout-119bc444 wp-block-column-is-layout-flow\">\n<h2 class=\"wp-block-heading\">PETIT DEJEUNER FACON BLOOMILA<\/h2>\n\n\n\n<p class=\"translation-block\">Here, we don't <strong>prepare<\/strong> breakfast...<br>We <strong>imagine it very strongly<\/strong>.<br>With sun-drenched granola, frothy matcha,<br>and a slice of toast that doesn't stick to the roof of your mouth.<br>(Even if in reality, we nibbled on a toast standing up.)<\/p>\n\n\n\n<p class=\"translation-block\">But if you find <strong>5 minutes, a hint of courage<\/strong><br>and <strong>your pan doesn't stick to your soul<\/strong>,<br>\u2013<em>Try the recipes!<\/em><\/p>\n\n\n\n<p class=\"translation-block\">And above all: <br><strong>Add your grain of salt, your topping or your burst of madness.<\/strong><br>Then <strong>send me the photo<\/strong> (I'll make it a work of art on Insta. Or almost.)<br><\/p>\n\n\n\n<div class=\"wp-block-buttons is-layout-flex wp-block-buttons-is-layout-flex\">\n<div class=\"wp-block-button\"><a class=\"wp-block-button__link wp-element-button\">Send me your photo<\/a><\/div>\n<\/div>\n<\/div>\n<\/div>\n<\/div>\n\n\n\n<div class=\"wp-block-group alignfull has-global-padding is-layout-constrained wp-block-group-is-layout-constrained\" style=\"margin-top:0;margin-bottom:0;padding-top:var(--wp--preset--spacing--50);padding-bottom:var(--wp--preset--spacing--50)\">\n<div class=\"wp-block-group alignwide is-layout-grid wp-container-core-group-is-layout-21f393a4 wp-block-group-is-layout-grid\">\n<div class=\"wp-block-group is-style-default has-global-padding is-layout-constrained wp-block-group-is-layout-constrained\" style=\"min-height:297px\">\n<figure class=\"wp-block-image size-large\"><a href=\"https:\/\/bloomila.com\/wp-content\/uploads\/2025\/07\/651d561d-6ef9-47bd-9b76-f477099472ec.pdf\"><img loading=\"lazy\" decoding=\"async\" width=\"683\" height=\"1024\" src=\"https:\/\/bloomila.com\/wp-content\/uploads\/2025\/07\/85d9eb80-9829-4d5a-b371-c2deaad21444-1.png\" alt=\"\" class=\"wp-image-317\" style=\"aspect-ratio:2\/3;object-fit:cover\" srcset=\"https:\/\/bloomila.com\/wp-content\/uploads\/2025\/07\/85d9eb80-9829-4d5a-b371-c2deaad21444-1.png 1024w, https:\/\/bloomila.com\/wp-content\/uploads\/2025\/07\/85d9eb80-9829-4d5a-b371-c2deaad21444-1-200x300.png 200w, https:\/\/bloomila.com\/wp-content\/uploads\/2025\/07\/85d9eb80-9829-4d5a-b371-c2deaad21444-1-683x1024.png 683w, https:\/\/bloomila.com\/wp-content\/uploads\/2025\/07\/85d9eb80-9829-4d5a-b371-c2deaad21444-1-768x1152.png 768w, https:\/\/bloomila.com\/wp-content\/uploads\/2025\/07\/85d9eb80-9829-4d5a-b371-c2deaad21444-1-8x12.png 8w\" sizes=\"auto, (max-width: 683px) 100vw, 683px\" \/><\/a><\/figure>\n<\/div>\n\n\n\n<figure class=\"wp-block-image size-full\"><a href=\"https:\/\/bloomila.com\/wp-content\/uploads\/2025\/07\/Ingredients-pour-un-bol-magique.pdf\"><img loading=\"lazy\" decoding=\"async\" width=\"1024\" height=\"1536\" src=\"https:\/\/bloomila.com\/wp-content\/uploads\/2025\/07\/e38bf4f4-2a14-493c-986b-88108b8d2a6e.png\" alt=\"\" class=\"wp-image-337\" style=\"object-fit:cover\" srcset=\"https:\/\/bloomila.com\/wp-content\/uploads\/2025\/07\/e38bf4f4-2a14-493c-986b-88108b8d2a6e.png 1024w, https:\/\/bloomila.com\/wp-content\/uploads\/2025\/07\/e38bf4f4-2a14-493c-986b-88108b8d2a6e-200x300.png 200w, https:\/\/bloomila.com\/wp-content\/uploads\/2025\/07\/e38bf4f4-2a14-493c-986b-88108b8d2a6e-683x1024.png 683w, https:\/\/bloomila.com\/wp-content\/uploads\/2025\/07\/e38bf4f4-2a14-493c-986b-88108b8d2a6e-768x1152.png 768w, https:\/\/bloomila.com\/wp-content\/uploads\/2025\/07\/e38bf4f4-2a14-493c-986b-88108b8d2a6e-8x12.png 8w\" sizes=\"auto, (max-width: 1024px) 100vw, 1024px\" \/><\/a><\/figure>\n\n\n\n<figure class=\"wp-block-image size-full\"><img loading=\"lazy\" decoding=\"async\" width=\"1024\" height=\"1536\" src=\"https:\/\/bloomila.com\/wp-content\/uploads\/2025\/07\/005c7d90-b938-4960-9d31-c760d748be3d-1.png\" alt=\"\" class=\"wp-image-324\" style=\"object-fit:cover\" srcset=\"https:\/\/bloomila.com\/wp-content\/uploads\/2025\/07\/005c7d90-b938-4960-9d31-c760d748be3d-1.png 1024w, https:\/\/bloomila.com\/wp-content\/uploads\/2025\/07\/005c7d90-b938-4960-9d31-c760d748be3d-1-200x300.png 200w\" sizes=\"auto, (max-width: 1024px) 100vw, 1024px\" \/><\/figure>\n\n\n\n<figure class=\"wp-block-image size-full\"><img loading=\"lazy\" decoding=\"async\" width=\"1024\" height=\"1536\" src=\"https:\/\/bloomila.com\/wp-content\/uploads\/2025\/07\/005c7d90-b938-4960-9d31-c760d748be3d-1.png\" alt=\"\" class=\"wp-image-324\" style=\"object-fit:cover\" srcset=\"https:\/\/bloomila.com\/wp-content\/uploads\/2025\/07\/005c7d90-b938-4960-9d31-c760d748be3d-1.png 1024w, https:\/\/bloomila.com\/wp-content\/uploads\/2025\/07\/005c7d90-b938-4960-9d31-c760d748be3d-1-200x300.png 200w\" sizes=\"auto, (max-width: 1024px) 100vw, 1024px\" \/><\/figure>\n\n\n\n<figure class=\"wp-block-image size-full\"><img loading=\"lazy\" decoding=\"async\" width=\"1024\" height=\"1536\" src=\"https:\/\/bloomila.com\/wp-content\/uploads\/2025\/07\/005c7d90-b938-4960-9d31-c760d748be3d-1.png\" alt=\"\" class=\"wp-image-324\" style=\"object-fit:cover\" srcset=\"https:\/\/bloomila.com\/wp-content\/uploads\/2025\/07\/005c7d90-b938-4960-9d31-c760d748be3d-1.png 1024w, https:\/\/bloomila.com\/wp-content\/uploads\/2025\/07\/005c7d90-b938-4960-9d31-c760d748be3d-1-200x300.png 200w\" sizes=\"auto, (max-width: 1024px) 100vw, 1024px\" \/><\/figure>\n\n\n\n<figure class=\"wp-block-image size-full\"><img loading=\"lazy\" decoding=\"async\" width=\"1024\" height=\"1536\" src=\"https:\/\/bloomila.com\/wp-content\/uploads\/2025\/07\/005c7d90-b938-4960-9d31-c760d748be3d-1.png\" alt=\"\" class=\"wp-image-324\" style=\"object-fit:cover\" srcset=\"https:\/\/bloomila.com\/wp-content\/uploads\/2025\/07\/005c7d90-b938-4960-9d31-c760d748be3d-1.png 1024w, https:\/\/bloomila.com\/wp-content\/uploads\/2025\/07\/005c7d90-b938-4960-9d31-c760d748be3d-1-200x300.png 200w\" sizes=\"auto, (max-width: 1024px) 100vw, 1024px\" \/><\/figure>\n\n\n\n<figure class=\"wp-block-image size-full\"><img loading=\"lazy\" decoding=\"async\" width=\"1024\" height=\"1536\" src=\"https:\/\/bloomila.com\/wp-content\/uploads\/2025\/07\/005c7d90-b938-4960-9d31-c760d748be3d-1.png\" alt=\"\" class=\"wp-image-324\" srcset=\"https:\/\/bloomila.com\/wp-content\/uploads\/2025\/07\/005c7d90-b938-4960-9d31-c760d748be3d-1.png 1024w, https:\/\/bloomila.com\/wp-content\/uploads\/2025\/07\/005c7d90-b938-4960-9d31-c760d748be3d-1-200x300.png 200w\" sizes=\"auto, (max-width: 1024px) 100vw, 1024px\" \/><\/figure>\n\n\n\n<figure class=\"wp-block-image size-full\"><img loading=\"lazy\" decoding=\"async\" width=\"1024\" height=\"1536\" src=\"https:\/\/bloomila.com\/wp-content\/uploads\/2025\/07\/005c7d90-b938-4960-9d31-c760d748be3d-1.png\" alt=\"\" class=\"wp-image-324\" srcset=\"https:\/\/bloomila.com\/wp-content\/uploads\/2025\/07\/005c7d90-b938-4960-9d31-c760d748be3d-1.png 1024w, https:\/\/bloomila.com\/wp-content\/uploads\/2025\/07\/005c7d90-b938-4960-9d31-c760d748be3d-1-200x300.png 200w\" sizes=\"auto, (max-width: 1024px) 100vw, 1024px\" \/><\/figure>\n<\/div>\n<\/div>","protected":false},"excerpt":{"rendered":"<p>PETIT DEJEUNER FACON BLOOMILA Ici, on ne pr\u00e9pare pas le petit-d\u00e9jeuner\u2026On l\u2019imagine tr\u00e8s fort.Avec du granola dor\u00e9 au soleil, du matcha mousseux,et une tartine qui ne colle pas au toit de la bouche.(M\u00eame si en vrai, on a grignot\u00e9 une biscotte debout.) Mais si toi, tu trouves 5 minutes, un soup\u00e7on de courageet que ta [&hellip;]<\/p>\n","protected":false},"author":1,"featured_media":0,"parent":0,"menu_order":0,"comment_status":"closed","ping_status":"closed","template":"","meta":{"footnotes":""},"class_list":["post-314","page","type-page","status-publish","hentry"],"_links":{"self":[{"href":"https:\/\/bloomila.com\/en\/wp-json\/wp\/v2\/pages\/314","targetHints":{"allow":["GET"]}}],"collection":[{"href":"https:\/\/bloomila.com\/en\/wp-json\/wp\/v2\/pages"}],"about":[{"href":"https:\/\/bloomila.com\/en\/wp-json\/wp\/v2\/types\/page"}],"author":[{"embeddable":true,"href":"https:\/\/bloomila.com\/en\/wp-json\/wp\/v2\/users\/1"}],"replies":[{"embeddable":true,"href":"https:\/\/bloomila.com\/en\/wp-json\/wp\/v2\/comments?post=314"}],"version-history":[{"count":9,"href":"https:\/\/bloomila.com\/en\/wp-json\/wp\/v2\/pages\/314\/revisions"}],"predecessor-version":[{"id":1090,"href":"https:\/\/bloomila.com\/en\/wp-json\/wp\/v2\/pages\/314\/revisions\/1090"}],"wp:attachment":[{"href":"https:\/\/bloomila.com\/en\/wp-json\/wp\/v2\/media?parent=314"}],"curies":[{"name":"wp","href":"https:\/\/api.w.org\/{rel}","templated":true}]}}