{"id":256,"date":"2025-06-04T10:10:21","date_gmt":"2025-06-04T10:10:21","guid":{"rendered":"https:\/\/bloomila.com\/?page_id=256"},"modified":"2025-06-04T13:43:07","modified_gmt":"2025-06-04T13:43:07","slug":"pdf-2","status":"publish","type":"page","link":"https:\/\/bloomila.com\/en\/pdf-2\/","title":{"rendered":"commencer sans pression PDF"},"content":{"rendered":"<div class=\"wp-block-group alignfull has-global-padding is-layout-constrained wp-block-group-is-layout-constrained\" style=\"margin-top:0;margin-bottom:0\">\n<div class=\"wp-block-columns alignfull is-layout-flex wp-container-core-columns-is-layout-9c22b1e3 wp-block-columns-is-layout-flex\">\n<div class=\"wp-block-column is-layout-flow wp-block-column-is-layout-flow\" style=\"flex-basis:55%\">\n<div style=\"aspect-ratio:1;min-height:unset;\" class=\"wp-block-cover is-light has-aspect-ratio\"><img loading=\"lazy\" decoding=\"async\" width=\"1024\" height=\"1024\" class=\"wp-block-cover__image-background wp-image-259 size-full\" alt=\"\" src=\"https:\/\/bloomila.com\/wp-content\/uploads\/2025\/06\/A_photograph_captures_a_woman_from_behind_with_her.png\" data-object-fit=\"cover\" srcset=\"https:\/\/bloomila.com\/wp-content\/uploads\/2025\/06\/A_photograph_captures_a_woman_from_behind_with_her.png 1024w, https:\/\/bloomila.com\/wp-content\/uploads\/2025\/06\/A_photograph_captures_a_woman_from_behind_with_her-300x300.png 300w, https:\/\/bloomila.com\/wp-content\/uploads\/2025\/06\/A_photograph_captures_a_woman_from_behind_with_her-150x150.png 150w, https:\/\/bloomila.com\/wp-content\/uploads\/2025\/06\/A_photograph_captures_a_woman_from_behind_with_her-768x768.png 768w\" sizes=\"auto, (max-width: 1024px) 100vw, 1024px\" \/><span aria-hidden=\"true\" class=\"wp-block-cover__background has-background-dim-0 has-background-dim\" style=\"background-color:#a77f4f\"><\/span><div class=\"wp-block-cover__inner-container is-layout-flow wp-block-cover-is-layout-flow\">\n<div style=\"height:var(--wp--preset--spacing--20)\" aria-hidden=\"true\" class=\"wp-block-spacer\"><\/div>\n<\/div><\/div>\n<\/div>\n\n\n\n<div class=\"wp-block-column is-vertically-aligned-center is-layout-flow wp-block-column-is-layout-flow\" style=\"padding-top:var(--wp--preset--spacing--60);padding-right:var(--wp--preset--spacing--60);padding-bottom:var(--wp--preset--spacing--60);padding-left:var(--wp--preset--spacing--60)\">\n<h2 class=\"wp-block-heading has-xx-large-font-size\">Start without pressure<\/h2>\n\n\n\n<p class=\"translation-block\">An illustrated guide to gently freeing yourself.<br>Read at your own pace, breathe... and move forward, without pressure.<\/p>\n\n\n\n<div style=\"height:15px\" aria-hidden=\"true\" class=\"wp-block-spacer\"><\/div>\n\n\n\n<p class=\"has-medium-font-size\">Available for free, in French and English now.<\/p>\n\n\n\n<div style=\"height:34px\" aria-hidden=\"true\" class=\"wp-block-spacer\"><\/div>\n\n\n\n<div class=\"wp-block-buttons is-layout-flex wp-block-buttons-is-layout-flex\">\n<div class=\"wp-block-button\"><a class=\"wp-block-button__link wp-element-button\" href=\"https:\/\/bloomila.com\/wp-content\/uploads\/2025\/06\/Commencer-sans-pression-FR-contact-1.pdf\">\ud83d\udcc4 T\u00e9l\u00e9charger le guide (version fran\u00e7aise)<\/a><\/div>\n\n\n\n<div class=\"wp-block-button\"><a class=\"wp-block-button__link wp-element-button\" href=\"https:\/\/bloomila.com\/wp-content\/uploads\/2025\/06\/Commencer-sans-pression-EN-contact-1.pdf\">\ud83d\udcc4 Download the guide (English version)<\/a><\/div>\n<\/div>\n<\/div>\n<\/div>\n<\/div>","protected":false},"excerpt":{"rendered":"<p>Commencer sans pression Un guide illustr\u00e9 pour se lib\u00e9rer doucement.Lis \u00e0 ton rythme, respire\u2026 et avance, sans pression. Disponible gratuitement, en francais et en anglais maintenant.<\/p>","protected":false},"author":1,"featured_media":0,"parent":0,"menu_order":0,"comment_status":"closed","ping_status":"closed","template":"","meta":{"footnotes":""},"class_list":["post-256","page","type-page","status-publish","hentry"],"_links":{"self":[{"href":"https:\/\/bloomila.com\/en\/wp-json\/wp\/v2\/pages\/256","targetHints":{"allow":["GET"]}}],"collection":[{"href":"https:\/\/bloomila.com\/en\/wp-json\/wp\/v2\/pages"}],"about":[{"href":"https:\/\/bloomila.com\/en\/wp-json\/wp\/v2\/types\/page"}],"author":[{"embeddable":true,"href":"https:\/\/bloomila.com\/en\/wp-json\/wp\/v2\/users\/1"}],"replies":[{"embeddable":true,"href":"https:\/\/bloomila.com\/en\/wp-json\/wp\/v2\/comments?post=256"}],"version-history":[{"count":4,"href":"https:\/\/bloomila.com\/en\/wp-json\/wp\/v2\/pages\/256\/revisions"}],"predecessor-version":[{"id":279,"href":"https:\/\/bloomila.com\/en\/wp-json\/wp\/v2\/pages\/256\/revisions\/279"}],"wp:attachment":[{"href":"https:\/\/bloomila.com\/en\/wp-json\/wp\/v2\/media?parent=256"}],"curies":[{"name":"wp","href":"https:\/\/api.w.org\/{rel}","templated":true}]}}