{"id":243,"date":"2025-06-03T21:28:27","date_gmt":"2025-06-03T21:28:27","guid":{"rendered":"https:\/\/bloomila.com\/?page_id=243"},"modified":"2025-06-03T21:28:27","modified_gmt":"2025-06-03T21:28:27","slug":"mentions-legales","status":"publish","type":"page","link":"https:\/\/bloomila.com\/en\/mentions-legales\/","title":{"rendered":"MENTIONS LEGALES"},"content":{"rendered":"<figure class=\"wp-block-image aligncenter size-full is-resized\"><img loading=\"lazy\" decoding=\"async\" width=\"1024\" height=\"1024\" src=\"https:\/\/bloomila.com\/wp-content\/uploads\/2025\/05\/Bloomila_Logo_Fond_Transparent-2.png\" alt=\"\" class=\"wp-image-137\" style=\"width:376px;height:auto\" srcset=\"https:\/\/bloomila.com\/wp-content\/uploads\/2025\/05\/Bloomila_Logo_Fond_Transparent-2.png 1024w, https:\/\/bloomila.com\/wp-content\/uploads\/2025\/05\/Bloomila_Logo_Fond_Transparent-2-300x300.png 300w, https:\/\/bloomila.com\/wp-content\/uploads\/2025\/05\/Bloomila_Logo_Fond_Transparent-2-150x150.png 150w, https:\/\/bloomila.com\/wp-content\/uploads\/2025\/05\/Bloomila_Logo_Fond_Transparent-2-768x768.png 768w\" sizes=\"auto, (max-width: 1024px) 100vw, 1024px\" \/><\/figure>\n\n\n\n<h6 class=\"wp-block-heading has-text-align-center has-playfair-display-font-family has-xx-large-font-size\" style=\"font-style:normal;font-weight:700\">MENTIONS LEGALES<\/h6>\n\n\n\n<div style=\"height:100px\" aria-hidden=\"true\" class=\"wp-block-spacer\"><\/div>\n\n\n\n<h2 class=\"wp-block-heading\"><strong>1. \u00c9diteur du site<\/strong><\/h2>\n\n\n\n<p>Le site <strong>bloomila.com<\/strong> est \u00e9dit\u00e9 par la fondatrice du projet <strong>Bloomila<\/strong>, dont l\u2019identit\u00e9 est volontairement tenue confidentielle pour des raisons de s\u00e9curit\u00e9 et de vie priv\u00e9e.<\/p>\n\n\n\n<p>Le site est h\u00e9berg\u00e9 en France.<\/p>\n\n\n\n<p>Pour toute demande, vous pouvez \u00e9crire \u00e0 : <strong>contact@bloomila.com<\/strong><\/p>\n\n\n\n<div style=\"height:34px\" aria-hidden=\"true\" class=\"wp-block-spacer\"><\/div>\n\n\n\n<hr class=\"wp-block-separator has-alpha-channel-opacity\"\/>\n\n\n\n<h2 class=\"wp-block-heading\"><strong>2. H\u00e9bergeur<\/strong><\/h2>\n\n\n\n<p>Le site est h\u00e9berg\u00e9 par :<\/p>\n\n\n\n<p><strong>Hostinger International Ltd<\/strong><\/p>\n\n\n\n<p>61 Lordou Vironos Street, 6023 Larnaca, Chypre<\/p>\n\n\n\n<p>\ud83d\udce7 support@hostinger.com<\/p>\n\n\n\n<p>\ud83c\udf10 www.hostinger.fr<\/p>\n\n\n\n<div style=\"height:40px\" aria-hidden=\"true\" class=\"wp-block-spacer\"><\/div>\n\n\n\n<hr class=\"wp-block-separator has-alpha-channel-opacity\"\/>\n\n\n\n<h2 class=\"wp-block-heading\"><strong>3. Propri\u00e9t\u00e9 intellectuelle<\/strong><\/h2>\n\n\n\n<p>Tous les contenus pr\u00e9sents sur le site bloomila.com (textes, visuels, logo, nom de marque, id\u00e9es, etc.) sont prot\u00e9g\u00e9s par le Code de la propri\u00e9t\u00e9 intellectuelle.<\/p>\n\n\n\n<p>La marque <strong>Bloomila<\/strong> a \u00e9t\u00e9 d\u00e9pos\u00e9e.<\/p>\n\n\n\n<p>Toute reproduction, diffusion ou exploitation non autoris\u00e9e est strictement interdite.<\/p>\n\n\n\n<div style=\"height:34px\" aria-hidden=\"true\" class=\"wp-block-spacer\"><\/div>\n\n\n\n<hr class=\"wp-block-separator has-alpha-channel-opacity\"\/>\n\n\n\n<h2 class=\"wp-block-heading\"><strong>4. Responsabilit\u00e9<\/strong><\/h2>\n\n\n\n<p>Les informations diffus\u00e9es sur ce site sont donn\u00e9es \u00e0 titre indicatif.<\/p>\n\n\n\n<p>Bloomila ne saurait \u00eatre tenue responsable des erreurs, omissions ou r\u00e9sultats pouvant d\u00e9couler de l\u2019usage de ces informations.<\/p>\n\n\n\n<div style=\"height:33px\" aria-hidden=\"true\" class=\"wp-block-spacer\"><\/div>\n\n\n\n<hr class=\"wp-block-separator has-alpha-channel-opacity\"\/>\n\n\n\n<h2 class=\"wp-block-heading\"><strong>5. Donn\u00e9es personnelles<\/strong><\/h2>\n\n\n\n<p>Pour en savoir plus sur l\u2019utilisation de vos donn\u00e9es, consultez notre page :<\/p>\n\n\n\n<p>\ud83d\udc49 <a href=\"https:\/\/bloomila.com\/en\/politique-de-confidentialite\/\">Politique de confidentialit\u00e9<\/a><\/p>\n\n\n\n<div style=\"height:38px\" aria-hidden=\"true\" class=\"wp-block-spacer\"><\/div>\n\n\n\n<hr class=\"wp-block-separator has-alpha-channel-opacity\"\/>\n\n\n\n<h2 class=\"wp-block-heading\"><strong>6. Cookies<\/strong><\/h2>\n\n\n\n<p>Ce site utilise des cookies pour am\u00e9liorer votre exp\u00e9rience de navigation.<\/p>\n\n\n\n<p>En poursuivant votre visite, vous acceptez leur utilisation.<\/p>\n\n\n\n<p>\ud83d\udc49 Plus d\u2019infos sur notre <a href=\"https:\/\/bloomila.com\/en\/cookies\/\">page d\u00e9di\u00e9e aux cookies<\/a><\/p>\n\n\n\n<div style=\"height:35px\" aria-hidden=\"true\" class=\"wp-block-spacer\"><\/div>\n\n\n\n<hr class=\"wp-block-separator has-alpha-channel-opacity\"\/>\n\n\n\n<h2 class=\"wp-block-heading\"><strong>7. Contact<\/strong><\/h2>\n\n\n\n<p>\ud83d\udcec Pour toute question : <strong>contact@bloomila.com<\/strong><\/p>","protected":false},"excerpt":{"rendered":"<p>MENTIONS LEGALES 1. \u00c9diteur du site Le site bloomila.com est \u00e9dit\u00e9 par la fondatrice du projet Bloomila, dont l\u2019identit\u00e9 est volontairement tenue confidentielle pour des raisons de s\u00e9curit\u00e9 et de vie priv\u00e9e. Le site est h\u00e9berg\u00e9 en France. Pour toute demande, vous pouvez \u00e9crire \u00e0 : contact@bloomila.com 2. H\u00e9bergeur Le site est h\u00e9berg\u00e9 par : [&hellip;]<\/p>\n","protected":false},"author":1,"featured_media":0,"parent":0,"menu_order":0,"comment_status":"closed","ping_status":"closed","template":"","meta":{"footnotes":""},"class_list":["post-243","page","type-page","status-publish","hentry"],"_links":{"self":[{"href":"https:\/\/bloomila.com\/en\/wp-json\/wp\/v2\/pages\/243","targetHints":{"allow":["GET"]}}],"collection":[{"href":"https:\/\/bloomila.com\/en\/wp-json\/wp\/v2\/pages"}],"about":[{"href":"https:\/\/bloomila.com\/en\/wp-json\/wp\/v2\/types\/page"}],"author":[{"embeddable":true,"href":"https:\/\/bloomila.com\/en\/wp-json\/wp\/v2\/users\/1"}],"replies":[{"embeddable":true,"href":"https:\/\/bloomila.com\/en\/wp-json\/wp\/v2\/comments?post=243"}],"version-history":[{"count":2,"href":"https:\/\/bloomila.com\/en\/wp-json\/wp\/v2\/pages\/243\/revisions"}],"predecessor-version":[{"id":245,"href":"https:\/\/bloomila.com\/en\/wp-json\/wp\/v2\/pages\/243\/revisions\/245"}],"wp:attachment":[{"href":"https:\/\/bloomila.com\/en\/wp-json\/wp\/v2\/media?parent=243"}],"curies":[{"name":"wp","href":"https:\/\/api.w.org\/{rel}","templated":true}]}}